{"id":873,"date":"2018-08-29T17:22:24","date_gmt":"2018-08-29T20:22:24","guid":{"rendered":"https:\/\/isfdyt2-bue.infd.edu.ar\/sitio\/consejo-academico-institucional\/"},"modified":"2021-06-15T19:53:14","modified_gmt":"2021-06-15T22:53:14","slug":"consejo-academico-institucional","status":"publish","type":"page","link":"https:\/\/isfdyt2-bue.infd.edu.ar\/sitio\/consejo-academico-institucional\/","title":{"rendered":"Consejo acad\u00e9mico institucional"},"content":{"rendered":"<h3>Integrantes del Consejo Acad\u00e9mico Institucional 2020\/2021<\/h3>\n<p>&nbsp;<\/p>\n<h5>Directora<\/h5>\n<p style=\"padding-left: 30px;\">Camozzi, Guadalupe<\/p>\n<h5>Docentes<\/h5>\n<p style=\"padding-left: 30px;\">Alvarez, Cristina<\/p>\n<p style=\"padding-left: 30px;\">Alga\u00f1araz, Laura<\/p>\n<p style=\"padding-left: 30px;\">L\u00e1zaro, Lorena<\/p>\n<p style=\"padding-left: 30px;\">Fleites, Maira<\/p>\n<p style=\"padding-left: 30px;\">Layana, Adriana<\/p>\n<p style=\"padding-left: 30px;\">Saizar, Mar\u00eda Rosa<\/p>\n<p style=\"padding-left: 30px;\">De Lara, D\u00e9bora<\/p>\n<p style=\"padding-left: 30px;\">Gimenez, Jos\u00e9<\/p>\n<h5>Estudiantes<\/h5>\n<p style=\"padding-left: 30px;\">Lardapide, Yanina<\/p>\n<p style=\"padding-left: 30px;\">Durany, Carolina<\/p>\n<p style=\"padding-left: 30px;\">Aguero, Mar\u00eda<\/p>\n<p style=\"padding-left: 30px;\">L\u00f3pez, Valent\u00edn<\/p>\n<p style=\"text-align: center;\"><strong><span style=\"font-size: 14pt;\">\u00a0<\/span><\/strong><\/p>\n<p style=\"text-align: center;\"><strong><span style=\"font-size: 14pt;\">\u00a0<\/span><\/strong><\/p>\n<p style=\"text-align: center;\"><strong><span style=\"font-size: 14pt;\">\u00a0<\/span><\/strong><\/p>\n","protected":false},"excerpt":{"rendered":"<p>Integrantes del Consejo Acad\u00e9mico Institucional 2020\/2021 &nbsp; Directora Camozzi, Guadalupe Docentes Alvarez, Cristina Alga\u00f1araz, Laura L\u00e1zaro, Lorena Fleites, Maira Layana, Adriana Saizar, Mar\u00eda Rosa De Lara, D\u00e9bora Gimenez, Jos\u00e9 Estudiantes Lardapide, Yanina Durany, Carolina Aguero, Mar\u00eda L\u00f3pez, Valent\u00edn \u00a0 \u00a0 \u00a0<\/p>\n","protected":false},"author":185,"featured_media":0,"parent":0,"menu_order":0,"comment_status":"closed","ping_status":"closed","template":"","meta":[],"acf":[],"_links":{"self":[{"href":"https:\/\/isfdyt2-bue.infd.edu.ar\/sitio\/wp-json\/wp\/v2\/pages\/873"}],"collection":[{"href":"https:\/\/isfdyt2-bue.infd.edu.ar\/sitio\/wp-json\/wp\/v2\/pages"}],"about":[{"href":"https:\/\/isfdyt2-bue.infd.edu.ar\/sitio\/wp-json\/wp\/v2\/types\/page"}],"author":[{"embeddable":true,"href":"https:\/\/isfdyt2-bue.infd.edu.ar\/sitio\/wp-json\/wp\/v2\/users\/185"}],"replies":[{"embeddable":true,"href":"https:\/\/isfdyt2-bue.infd.edu.ar\/sitio\/wp-json\/wp\/v2\/comments?post=873"}],"version-history":[{"count":2,"href":"https:\/\/isfdyt2-bue.infd.edu.ar\/sitio\/wp-json\/wp\/v2\/pages\/873\/revisions"}],"predecessor-version":[{"id":1814,"href":"https:\/\/isfdyt2-bue.infd.edu.ar\/sitio\/wp-json\/wp\/v2\/pages\/873\/revisions\/1814"}],"wp:attachment":[{"href":"https:\/\/isfdyt2-bue.infd.edu.ar\/sitio\/wp-json\/wp\/v2\/media?parent=873"}],"curies":[{"name":"wp","href":"https:\/\/api.w.org\/{rel}","templated":true}]}}