{"id":868,"date":"2018-08-29T17:22:22","date_gmt":"2018-08-29T20:22:22","guid":{"rendered":"https:\/\/isfdyt2-bue.infd.edu.ar\/sitio\/constancias-para-estudiantes\/"},"modified":"2023-12-12T18:43:03","modified_gmt":"2023-12-12T21:43:03","slug":"constancias-para-estudiantes","status":"publish","type":"page","link":"https:\/\/isfdyt2-bue.infd.edu.ar\/sitio\/constancias-para-estudiantes\/","title":{"rendered":"Constancias para estudiantes"},"content":{"rendered":"\n<div class=\"d-flex align-items-center\"><i class=\"fas fa-cloud-download-alt me-2\"><\/i> <h4>Secci\u00f3n de descarga de certificados<\/h4><\/div>\n\n\n\n<p><a rel=\"noreferrer noopener\" href=\"https:\/\/isfdyt2-bue.infd.edu.ar\/sitio\/wp-content\/uploads\/2022\/08\/A7_Constancia_de_Alumno_Regular-nuevo1.doc\" data-type=\"URL\" data-id=\"https:\/\/isfdyt2-bue.infd.edu.ar\/sitio\/wp-content\/uploads\/2022\/08\/A7_Constancia_de_Alumno_Regular-nuevo1.doc\" target=\"_blank\">Alumno regular<\/a><\/p>\n\n\n\n<p><a href=\"https:\/\/isfdyt2-bue.infd.edu.ar\/sitio\/wp-content\/uploads\/2023\/11\/Certificado-de-inscripcion-a-carrera-en-Bco.docx\" target=\"_blank\" rel=\"noreferrer noopener\">Certificado de Inscripci\u00f3n a carreras 2024<\/a><\/p>\n\n\n\n<p><a href=\"https:\/\/isfdyt2-bue.infd.edu.ar\/sitio\/wp-content\/uploads\/2021\/02\/A8-Constancia-de-Asistencia-a-Examen.doc\" data-type=\"URL\" data-id=\"https:\/\/isfdyt2-bue.infd.edu.ar\/sitio\/wp-content\/uploads\/2021\/02\/A8-Constancia-de-Asistencia-a-Examen.doc\" target=\"_blank\" rel=\"noreferrer noopener\">Constancia de asistencia a examen<\/a><\/p>\n\n\n\n<p><a href=\"https:\/\/isfdyt2-bue.infd.edu.ar\/sitio\/wp-content\/uploads\/2023\/12\/Formacion-Docente-inicial-Tecnica-y-Artistica-Planilla-de-inscripcion-Educacion-Superior_0.pdf\" data-type=\"URL\" data-id=\"https:\/\/isfdyt2-bue.infd.edu.ar\/sitio\/wp-content\/uploads\/2023\/11\/A1-inscripcion-de-estudiantes-2024.docx\" target=\"_blank\" rel=\"noreferrer noopener\">Ficha de inscripci\u00f3n a carrera<\/a><\/p>\n\n\n\n<p><a href=\"https:\/\/isfdyt2-bue.infd.edu.ar\/sitio\/wp-content\/uploads\/2021\/02\/A9b_Porcentaje-Perspect_espacios-.doc\" data-type=\"URL\" data-id=\"https:\/\/isfdyt2-bue.infd.edu.ar\/sitio\/wp-content\/uploads\/2021\/02\/A9b_Porcentaje-Perspect_espacios-.doc\" target=\"_blank\" rel=\"noreferrer noopener\">Porcentaje de materias<\/a><\/p>\n\n\n\n<p><a href=\"https:\/\/isfdyt2-bue.infd.edu.ar\/sitio\/wp-content\/uploads\/2021\/02\/A12_Cert_estudios_tramite-1-2.doc\" data-type=\"URL\" data-id=\"https:\/\/isfdyt2-bue.infd.edu.ar\/sitio\/wp-content\/uploads\/2021\/02\/A12_Cert_estudios_tramite-1-2.doc\" target=\"_blank\" rel=\"noreferrer noopener\">T\u00edtulo en tr\u00e1mite<\/a><\/p>\n\n\n\n<p><a href=\"https:\/\/isfdyt2-bue.infd.edu.ar\/sitio\/wp-content\/uploads\/2021\/07\/constancia_observacion_practicas.pdf\" data-type=\"URL\" data-id=\"https:\/\/isfdyt2-bue.infd.edu.ar\/sitio\/wp-content\/uploads\/2021\/07\/constancia_observacion_practicas.pdf\" target=\"_blank\" rel=\"noreferrer noopener\">Pr\u00e1ctica docente<\/a><\/p>\n","protected":false},"excerpt":{"rendered":"<p>Secci\u00f3n de descarga de certificados Alumno regular Certificado de Inscripci\u00f3n a carreras 2024 Constancia de asistencia a examen Ficha de inscripci\u00f3n a carrera Porcentaje de materias T\u00edtulo en tr\u00e1mite Pr\u00e1ctica docente<\/p>\n","protected":false},"author":529,"featured_media":0,"parent":0,"menu_order":0,"comment_status":"closed","ping_status":"closed","template":"","meta":[],"acf":[],"_links":{"self":[{"href":"https:\/\/isfdyt2-bue.infd.edu.ar\/sitio\/wp-json\/wp\/v2\/pages\/868"}],"collection":[{"href":"https:\/\/isfdyt2-bue.infd.edu.ar\/sitio\/wp-json\/wp\/v2\/pages"}],"about":[{"href":"https:\/\/isfdyt2-bue.infd.edu.ar\/sitio\/wp-json\/wp\/v2\/types\/page"}],"author":[{"embeddable":true,"href":"https:\/\/isfdyt2-bue.infd.edu.ar\/sitio\/wp-json\/wp\/v2\/users\/529"}],"replies":[{"embeddable":true,"href":"https:\/\/isfdyt2-bue.infd.edu.ar\/sitio\/wp-json\/wp\/v2\/comments?post=868"}],"version-history":[{"count":46,"href":"https:\/\/isfdyt2-bue.infd.edu.ar\/sitio\/wp-json\/wp\/v2\/pages\/868\/revisions"}],"predecessor-version":[{"id":4198,"href":"https:\/\/isfdyt2-bue.infd.edu.ar\/sitio\/wp-json\/wp\/v2\/pages\/868\/revisions\/4198"}],"wp:attachment":[{"href":"https:\/\/isfdyt2-bue.infd.edu.ar\/sitio\/wp-json\/wp\/v2\/media?parent=868"}],"curies":[{"name":"wp","href":"https:\/\/api.w.org\/{rel}","templated":true}]}}