{"id":4400,"date":"2025-11-03T20:12:41","date_gmt":"2025-11-03T23:12:41","guid":{"rendered":"https:\/\/isfdyt2-bue.infd.edu.ar\/sitio\/?page_id=4400"},"modified":"2025-11-10T17:31:08","modified_gmt":"2025-11-10T20:31:08","slug":"preinscripcion-a-carreras-2026","status":"publish","type":"page","link":"https:\/\/isfdyt2-bue.infd.edu.ar\/sitio\/preinscripcion-a-carreras-2026\/","title":{"rendered":"Preinscripci\u00f3n a carreras 2026"},"content":{"rendered":"\n<p class=\"has-medium-font-size\">Para inscribirte a las carreras deber\u00e1s crear un usuario en el siguiente enlace: <\/p>\n\n\n\n<p class=\"has-medium-font-size\"><a href=\"https:\/\/iniciopba.guarani.abc.gob.ar\/\" target=\"_blank\" rel=\"noreferrer noopener\">https:\/\/preinscripciones.guarani.abc.gob.ar\/<\/a><\/p>\n\n\n\n<p class=\"has-medium-font-size\">En este video informativo podr\u00e1s encontrar la informaci\u00f3n paso a paso de como realizarla:<\/p>\n\n\n\n<figure class=\"wp-block-embed is-type-video is-provider-youtube wp-block-embed-youtube wp-embed-aspect-16-9 wp-has-aspect-ratio\"><div class=\"wp-block-embed__wrapper\">\n<iframe loading=\"lazy\" title=\"Tutorial de preinscripciones al Nivel Superior de la educaci\u00f3n bonaerense\" width=\"1200\" height=\"675\" src=\"https:\/\/www.youtube.com\/embed\/1sd8rDHb0nk?start=5&#038;feature=oembed\" frameborder=\"0\" allow=\"accelerometer; autoplay; clipboard-write; encrypted-media; gyroscope; picture-in-picture; web-share\" referrerpolicy=\"strict-origin-when-cross-origin\" allowfullscreen><\/iframe>\n<\/div><\/figure>\n\n\n\n<p class=\"has-medium-font-size\">La inscripci\u00f3n a cada carrera se realizar\u00e1 seg\u00fan el siguiente cronograma:<\/p>\n\n\n\n<p><strong>3\/11<\/strong> <\/p>\n\n\n\n<p>Profesorado en Ciencia Pol\u00edtica<\/p>\n\n\n\n<p><strong>5\/11<\/strong> <\/p>\n\n\n\n<p>Tecnicatura Superior en Administraci\u00f3n p\u00fablica<\/p>\n\n\n\n<p> Tecnicatura Superior en Administraci\u00f3n de PyMES<\/p>\n\n\n\n<p> Tecnicatura Superior en Acompa\u00f1amiento Terap\u00e9utico<\/p>\n\n\n\n<p><strong>6\/11 <\/strong><\/p>\n\n\n\n<p>Profesorado en Educaci\u00f3n Especial<\/p>\n\n\n\n<p><strong>10\/11 <\/strong><\/p>\n\n\n\n<p>Profesorado en Educaci\u00f3n Inicial<\/p>\n\n\n\n<p><strong>24\/11 <\/strong><\/p>\n\n\n\n<p>An\u00e1lisis de sistemas<\/p>\n\n\n\n<p>Tecnicatura Superior en Trabajo Social<\/p>\n\n\n\n<p><strong>26\/11 <\/strong><\/p>\n\n\n\n<p>Profesorado en Psicolog\u00eda<\/p>\n","protected":false},"excerpt":{"rendered":"<p>Para inscribirte a las carreras deber\u00e1s crear un usuario en el siguiente enlace: https:\/\/preinscripciones.guarani.abc.gob.ar\/ En este video informativo podr\u00e1s encontrar la informaci\u00f3n paso a paso de como realizarla: La inscripci\u00f3n a cada carrera se realizar\u00e1 seg\u00fan el siguiente cronograma: 3\/11 Profesorado en Ciencia Pol\u00edtica 5\/11 Tecnicatura Superior en Administraci\u00f3n p\u00fablica Tecnicatura Superior en Administraci\u00f3n de &#8230; <a title=\"Preinscripci\u00f3n a carreras 2026\" class=\"read-more\" href=\"https:\/\/isfdyt2-bue.infd.edu.ar\/sitio\/preinscripcion-a-carreras-2026\/\" aria-label=\"More on Preinscripci\u00f3n a carreras 2026\">[+]<\/a><\/p>\n","protected":false},"author":529,"featured_media":0,"parent":0,"menu_order":0,"comment_status":"closed","ping_status":"closed","template":"","meta":[],"acf":[],"_links":{"self":[{"href":"https:\/\/isfdyt2-bue.infd.edu.ar\/sitio\/wp-json\/wp\/v2\/pages\/4400"}],"collection":[{"href":"https:\/\/isfdyt2-bue.infd.edu.ar\/sitio\/wp-json\/wp\/v2\/pages"}],"about":[{"href":"https:\/\/isfdyt2-bue.infd.edu.ar\/sitio\/wp-json\/wp\/v2\/types\/page"}],"author":[{"embeddable":true,"href":"https:\/\/isfdyt2-bue.infd.edu.ar\/sitio\/wp-json\/wp\/v2\/users\/529"}],"replies":[{"embeddable":true,"href":"https:\/\/isfdyt2-bue.infd.edu.ar\/sitio\/wp-json\/wp\/v2\/comments?post=4400"}],"version-history":[{"count":12,"href":"https:\/\/isfdyt2-bue.infd.edu.ar\/sitio\/wp-json\/wp\/v2\/pages\/4400\/revisions"}],"predecessor-version":[{"id":4436,"href":"https:\/\/isfdyt2-bue.infd.edu.ar\/sitio\/wp-json\/wp\/v2\/pages\/4400\/revisions\/4436"}],"wp:attachment":[{"href":"https:\/\/isfdyt2-bue.infd.edu.ar\/sitio\/wp-json\/wp\/v2\/media?parent=4400"}],"curies":[{"name":"wp","href":"https:\/\/api.w.org\/{rel}","templated":true}]}}