{"id":4351,"date":"2025-06-06T20:45:39","date_gmt":"2025-06-06T23:45:39","guid":{"rendered":"https:\/\/isfdyt2-bue.infd.edu.ar\/sitio\/?page_id=4351"},"modified":"2026-03-16T20:15:06","modified_gmt":"2026-03-16T23:15:06","slug":"tramo-de-formacion-pedagogica","status":"publish","type":"page","link":"https:\/\/isfdyt2-bue.infd.edu.ar\/sitio\/tramo-de-formacion-pedagogica\/","title":{"rendered":"Tramo de formaci\u00f3n pedag\u00f3gica"},"content":{"rendered":"\n<p><strong>Nombre de la certificaci\u00f3n: <strong>Tramo de formaci\u00f3n pedag\u00f3gica<\/strong><\/strong>. <strong>(<strong><a href=\"https:\/\/isfdyt2-bue.infd.edu.ar\/sitio\/wp-content\/uploads\/2025\/06\/RESOC-2024-2076-GDEBA-DGCYE-y-Anexos-Tramo-Pedago\u0301gico.pdf\">RM N\u00b02076\/24<\/a><\/strong>)<\/strong><\/p>\n\n\n\n<p><strong>T\u00edtulo que otorga<\/strong>: Certificaci\u00f3n habilitante en el campo de la formaci\u00f3n general y de la pr\u00e1ctica docente.<\/p>\n\n\n\n<p><strong>Incumbencia del t\u00edtulo<\/strong>: Nivel Secundario y Nivel Superior.<\/p>\n\n\n\n<p><strong>Modalidad<\/strong>: Semi presencial.<\/p>\n\n\n\n<p><strong>Duraci\u00f3n del tramo<\/strong>: 4 cuatrimestres.<\/p>\n\n\n\n<p><\/p>\n\n\n\n<p><a href=\"https:\/\/isfdyt2-bue.infd.edu.ar\/sitio\/wp-content\/uploads\/2025\/06\/RESOC-2024-2076-GDEBA-DGCYE-y-Anexos-Tramo-Pedago\u0301gico.pdf\" target=\"_blank\" rel=\"noreferrer noopener\">Descargar dise\u00f1o curricular<\/a><\/p>\n\n\n\n<h2 class=\"wp-block-heading\">Preceptor de la carrera<\/h2>\n\n\n\n<p><strong>G\u00f3mez, Valeria<\/strong>.<\/p>\n\n\n\n<p><strong>Contacto:\u00a0<\/strong><a href=\"mailto:valeria.isfd@gmail.com\">valeria.isfd@gmail.com<\/a><\/p>\n\n\n\n<p><strong>Horario:&nbsp;<\/strong>Lunes, martes, mi\u00e9rcoles y jueves 17:30 a 22 hs. \u2013 S\u00e1bados: de 8:30 a 13:00 hs.<\/p>\n","protected":false},"excerpt":{"rendered":"<p>Nombre de la certificaci\u00f3n: Tramo de formaci\u00f3n pedag\u00f3gica. (RM N\u00b02076\/24) T\u00edtulo que otorga: Certificaci\u00f3n habilitante en el campo de la formaci\u00f3n general y de la pr\u00e1ctica docente. Incumbencia del t\u00edtulo: Nivel Secundario y Nivel Superior. Modalidad: Semi presencial. Duraci\u00f3n del tramo: 4 cuatrimestres. Descargar dise\u00f1o curricular Preceptor de la carrera G\u00f3mez, Valeria. Contacto:\u00a0valeria.isfd@gmail.com Horario:&nbsp;Lunes, martes, &#8230; <a title=\"Tramo de formaci\u00f3n pedag\u00f3gica\" class=\"read-more\" href=\"https:\/\/isfdyt2-bue.infd.edu.ar\/sitio\/tramo-de-formacion-pedagogica\/\" aria-label=\"More on Tramo de formaci\u00f3n pedag\u00f3gica\">[+]<\/a><\/p>\n","protected":false},"author":529,"featured_media":0,"parent":0,"menu_order":0,"comment_status":"closed","ping_status":"closed","template":"","meta":[],"acf":[],"_links":{"self":[{"href":"https:\/\/isfdyt2-bue.infd.edu.ar\/sitio\/wp-json\/wp\/v2\/pages\/4351"}],"collection":[{"href":"https:\/\/isfdyt2-bue.infd.edu.ar\/sitio\/wp-json\/wp\/v2\/pages"}],"about":[{"href":"https:\/\/isfdyt2-bue.infd.edu.ar\/sitio\/wp-json\/wp\/v2\/types\/page"}],"author":[{"embeddable":true,"href":"https:\/\/isfdyt2-bue.infd.edu.ar\/sitio\/wp-json\/wp\/v2\/users\/529"}],"replies":[{"embeddable":true,"href":"https:\/\/isfdyt2-bue.infd.edu.ar\/sitio\/wp-json\/wp\/v2\/comments?post=4351"}],"version-history":[{"count":19,"href":"https:\/\/isfdyt2-bue.infd.edu.ar\/sitio\/wp-json\/wp\/v2\/pages\/4351\/revisions"}],"predecessor-version":[{"id":4476,"href":"https:\/\/isfdyt2-bue.infd.edu.ar\/sitio\/wp-json\/wp\/v2\/pages\/4351\/revisions\/4476"}],"wp:attachment":[{"href":"https:\/\/isfdyt2-bue.infd.edu.ar\/sitio\/wp-json\/wp\/v2\/media?parent=4351"}],"curies":[{"name":"wp","href":"https:\/\/api.w.org\/{rel}","templated":true}]}}