{"id":4202,"date":"2023-12-19T20:10:15","date_gmt":"2023-12-19T23:10:15","guid":{"rendered":"https:\/\/isfdyt2-bue.infd.edu.ar\/sitio\/?page_id=4202"},"modified":"2026-03-16T20:15:38","modified_gmt":"2026-03-16T23:15:38","slug":"tecnicatura-superior-en-publicidad","status":"publish","type":"page","link":"https:\/\/isfdyt2-bue.infd.edu.ar\/sitio\/tecnicatura-superior-en-publicidad\/","title":{"rendered":"Tecnicatura Superior en Publicidad"},"content":{"rendered":"\n<p><strong>Nombre de la carrera: Tecnicatura Superior en Publicidad<\/strong> <strong>(RES. N\u00b0 <a href=\"https:\/\/isfdyt2-bue.infd.edu.ar\/sitio\/wp-content\/uploads\/2023\/12\/disenio-curricular-publicidad-res3805-06_231219_190246.pdf\" target=\"_blank\" rel=\"noreferrer noopener\">3805<\/a>)<\/strong><\/p>\n\n\n\n<p><strong>T\u00edtulo que otorga<\/strong>: T\u00c9CNICO SUPERIOR EN PUBLICIDAD.<\/p>\n\n\n\n<p><strong>Modalidad<\/strong>: Presencial.<\/p>\n\n\n\n<p><strong>Duraci\u00f3n de la carrera<\/strong>: 3 A\u00f1os. Ciclo cerrado.<\/p>\n\n\n\n<p class=\"has-medium-font-size\"><a href=\"http:\/\/isfdyt2azul.edu.ar\/horarios\/?carrera=TECPUB\">HORARIOS DE CURSADA<\/a><\/p>\n\n\n\n<p class=\"has-medium-font-size\"><a href=\"https:\/\/isfdyt2-bue.infd.edu.ar\/sitio\/wp-content\/uploads\/2023\/12\/disenio-curricular-publicidad-res3805-06_231219_190246.pdf\" target=\"_blank\" rel=\"noreferrer noopener\">Descargar dise\u00f1o curricular.<\/a><\/p>\n\n\n\n<h2 class=\"wp-block-heading\">Preceptor de la carrera<\/h2>\n\n\n\n<p><strong>G\u00f3mez, Valeria<\/strong>.<\/p>\n\n\n\n<p><strong>Contacto:\u00a0<\/strong><a href=\"mailto:vsg724@abc.gob.ar\">valeria.isfd@gmail.com<\/a><\/p>\n\n\n\n<p><strong>Horario:&nbsp;<\/strong>Lunes, martes, mi\u00e9rcoles y jueves 17:30 a 22 hs. \u2013 S\u00e1bados: de 8:30 a 13:00 hs.<\/p>\n","protected":false},"excerpt":{"rendered":"<p>Nombre de la carrera: Tecnicatura Superior en Publicidad (RES. N\u00b0 3805) T\u00edtulo que otorga: T\u00c9CNICO SUPERIOR EN PUBLICIDAD. Modalidad: Presencial. Duraci\u00f3n de la carrera: 3 A\u00f1os. Ciclo cerrado. HORARIOS DE CURSADA Descargar dise\u00f1o curricular. Preceptor de la carrera G\u00f3mez, Valeria. Contacto:\u00a0valeria.isfd@gmail.com Horario:&nbsp;Lunes, martes, mi\u00e9rcoles y jueves 17:30 a 22 hs. \u2013 S\u00e1bados: de 8:30 a &#8230; <a title=\"Tecnicatura Superior en Publicidad\" class=\"read-more\" href=\"https:\/\/isfdyt2-bue.infd.edu.ar\/sitio\/tecnicatura-superior-en-publicidad\/\" aria-label=\"More on Tecnicatura Superior en Publicidad\">[+]<\/a><\/p>\n","protected":false},"author":529,"featured_media":0,"parent":0,"menu_order":0,"comment_status":"closed","ping_status":"closed","template":"","meta":[],"acf":[],"_links":{"self":[{"href":"https:\/\/isfdyt2-bue.infd.edu.ar\/sitio\/wp-json\/wp\/v2\/pages\/4202"}],"collection":[{"href":"https:\/\/isfdyt2-bue.infd.edu.ar\/sitio\/wp-json\/wp\/v2\/pages"}],"about":[{"href":"https:\/\/isfdyt2-bue.infd.edu.ar\/sitio\/wp-json\/wp\/v2\/types\/page"}],"author":[{"embeddable":true,"href":"https:\/\/isfdyt2-bue.infd.edu.ar\/sitio\/wp-json\/wp\/v2\/users\/529"}],"replies":[{"embeddable":true,"href":"https:\/\/isfdyt2-bue.infd.edu.ar\/sitio\/wp-json\/wp\/v2\/comments?post=4202"}],"version-history":[{"count":7,"href":"https:\/\/isfdyt2-bue.infd.edu.ar\/sitio\/wp-json\/wp\/v2\/pages\/4202\/revisions"}],"predecessor-version":[{"id":4477,"href":"https:\/\/isfdyt2-bue.infd.edu.ar\/sitio\/wp-json\/wp\/v2\/pages\/4202\/revisions\/4477"}],"wp:attachment":[{"href":"https:\/\/isfdyt2-bue.infd.edu.ar\/sitio\/wp-json\/wp\/v2\/media?parent=4202"}],"curies":[{"name":"wp","href":"https:\/\/api.w.org\/{rel}","templated":true}]}}