{"id":3731,"date":"2023-03-14T13:59:11","date_gmt":"2023-03-14T16:59:11","guid":{"rendered":"https:\/\/isfdyt2-bue.infd.edu.ar\/sitio\/?page_id=3731"},"modified":"2023-03-14T13:59:12","modified_gmt":"2023-03-14T16:59:12","slug":"cronograma-tecnicatura-en-analisis-de-sistemas","status":"publish","type":"page","link":"https:\/\/isfdyt2-bue.infd.edu.ar\/sitio\/cronograma-tecnicatura-en-analisis-de-sistemas\/","title":{"rendered":"Cronograma Tecnicatura en An\u00e1lisis de Sistemas"},"content":{"rendered":"\n<div class=\"cnt_table\">\n    <table class=\"table psicologia\">\n        <thead>\n            <tr>\n                <th>D\u00eda<\/th>\n                <th>Contenido<\/th>\n                <th>Profesores<\/th>\n                <th>Horario<\/th>\n            <\/tr>\n        <\/thead>\n        <tbody>\n            <tr>\n                <th>13\/3<\/th>\n                <td>Introducci\u00f3n a la carrera.<\/td>\n                <td>Gregorio Correa, Lautaro Garavaglia.<\/td>\n                <td>18 hs.<\/td>\n            <\/tr>\n            <tr>\n                <th>14\/3<\/th>\n                <td>Formaci\u00f3n espec\u00edfica + DDHH + ESI.<\/td>\n                <td>Gregorio Correa, Maira Fleites, Rodrigo Milanesi.<\/td>\n                <td>18 hs.<\/td>\n            <\/tr>\n            <tr>\n                <th>15\/3<\/th>\n                <td>Vida acad\u00e9mica en el nivel superior.<\/td>\n                <td>Enrique Mendiburu, Lautaro Garavaglia.<\/td>\n                <td>13 hs.<\/td>\n            <\/tr>\n            <tr>\n                <th>16\/3<\/th>\n                <td>Alfabetizaci\u00f3n(escritura y oralidad).<\/td>\n                <td>Anal\u00eda Loverde, Valeria Maddio, Dar\u00edo Draghi.<\/td>\n                <td>17 hs.<\/td>\n            <\/tr>\n            <tr>\n                <th>20\/3<\/th>\n                <td>Introducci\u00f3n a la carrera.<\/td>\n                <td>Gregorio Correa, Lautaro Garavaglia.<\/td>\n                <td>18 hs.<\/td>\n            <\/tr>\n            <tr>\n                <th>21\/3<\/th>\n                <td>Formaci\u00f3n espec\u00edfica + DDHH + ESI.<\/td>\n                <td>Gregorio Correa, Maira Fleites, Rodrigo Milanesi.<\/td>\n                <td>13 hs.<\/td>\n            <\/tr>\n            <tr>\n                <th>22\/3<\/th>\n                <td>Vida acad\u00e9mica en el nivel superior.<\/td>\n                <td>Enrique Mendiburu, Lautaro Garavaglia.<\/td>\n                <td>13 hs.<\/td>\n            <\/tr>\n            <tr>\n                <th>23\/3<\/th>\n                <td>Alfabetizaci\u00f3n(escritura y oralidad).<\/td>\n                <td>Anal\u00eda Loverde, Valeria Maddio, Dar\u00edo Draghi.<\/td>\n                <td>17 hs.<\/td>\n            <\/tr>\n        <\/tbody>\n    <\/table>\n<\/div>\n","protected":false},"excerpt":{"rendered":"<p>D\u00eda Contenido Profesores Horario 13\/3 Introducci\u00f3n a la carrera. Gregorio Correa, Lautaro Garavaglia. 18 hs. 14\/3 Formaci\u00f3n espec\u00edfica + DDHH + ESI. Gregorio Correa, Maira Fleites, Rodrigo Milanesi. 18 hs. 15\/3 Vida acad\u00e9mica en el nivel superior. Enrique Mendiburu, Lautaro Garavaglia. 13 hs. 16\/3 Alfabetizaci\u00f3n(escritura y oralidad). Anal\u00eda Loverde, Valeria Maddio, Dar\u00edo Draghi. 17 hs. &#8230; <a title=\"Cronograma Tecnicatura en An\u00e1lisis de Sistemas\" class=\"read-more\" href=\"https:\/\/isfdyt2-bue.infd.edu.ar\/sitio\/cronograma-tecnicatura-en-analisis-de-sistemas\/\" aria-label=\"More on Cronograma Tecnicatura en An\u00e1lisis de Sistemas\">[+]<\/a><\/p>\n","protected":false},"author":529,"featured_media":0,"parent":0,"menu_order":0,"comment_status":"closed","ping_status":"closed","template":"","meta":[],"acf":[],"_links":{"self":[{"href":"https:\/\/isfdyt2-bue.infd.edu.ar\/sitio\/wp-json\/wp\/v2\/pages\/3731"}],"collection":[{"href":"https:\/\/isfdyt2-bue.infd.edu.ar\/sitio\/wp-json\/wp\/v2\/pages"}],"about":[{"href":"https:\/\/isfdyt2-bue.infd.edu.ar\/sitio\/wp-json\/wp\/v2\/types\/page"}],"author":[{"embeddable":true,"href":"https:\/\/isfdyt2-bue.infd.edu.ar\/sitio\/wp-json\/wp\/v2\/users\/529"}],"replies":[{"embeddable":true,"href":"https:\/\/isfdyt2-bue.infd.edu.ar\/sitio\/wp-json\/wp\/v2\/comments?post=3731"}],"version-history":[{"count":1,"href":"https:\/\/isfdyt2-bue.infd.edu.ar\/sitio\/wp-json\/wp\/v2\/pages\/3731\/revisions"}],"predecessor-version":[{"id":3732,"href":"https:\/\/isfdyt2-bue.infd.edu.ar\/sitio\/wp-json\/wp\/v2\/pages\/3731\/revisions\/3732"}],"wp:attachment":[{"href":"https:\/\/isfdyt2-bue.infd.edu.ar\/sitio\/wp-json\/wp\/v2\/media?parent=3731"}],"curies":[{"name":"wp","href":"https:\/\/api.w.org\/{rel}","templated":true}]}}