{"id":3708,"date":"2023-03-11T17:57:28","date_gmt":"2023-03-11T20:57:28","guid":{"rendered":"https:\/\/isfdyt2-bue.infd.edu.ar\/sitio\/?page_id=3708"},"modified":"2023-03-11T17:57:29","modified_gmt":"2023-03-11T20:57:29","slug":"cronograma-tecnicatura-en-administracion-publica","status":"publish","type":"page","link":"https:\/\/isfdyt2-bue.infd.edu.ar\/sitio\/cronograma-tecnicatura-en-administracion-publica\/","title":{"rendered":"Cronograma Tecnicatura en Administraci\u00f3n P\u00fablica"},"content":{"rendered":"\n<div class=\"cnt_table\">\n    <table class=\"table psicologia\">\n        <thead>\n            <tr>\n                <th>D\u00eda<\/th>\n                <th>Contenido<\/th>\n                <th>Profesores<\/th>\n                <th>Horario<\/th>\n            <\/tr>\n        <\/thead>\n        <tbody>\n            <tr>\n                <th>13\/3<\/th>\n                <td>Bienvenida a los estudiantes integrada con la carrera de Adm Sup en Pymes.\n                    Presentaci\u00f3n de la carrera, conocimiento de los distintos \u00d3rganos Pol\u00edticos que componen el nivel superior. (CAI &#8211; CENTRO DE EST.) Invitaci\u00f3n Autoridades, Bibliotecaria, Preceptora, CIPE.\n                    Presentaci\u00f3n de nuevas tecnolog\u00edas. Armado de Google drive.\n                <\/td>\n                <td>Dinolfo. Santill\u00e1n. Sarramone. Gatti. Draghi.<\/td>\n                <td>18.30 a 20.30 hs<\/td>\n            <\/tr>\n            <tr>\n                <th>14\/3<\/th>\n                <td>Alfabetizaci\u00f3n acad\u00e9mica: El Estado y sus instituciones pol\u00edticas y econ\u00f3micas. An\u00e1lisis de texto.<\/td>\n                <td>Blas. Bucetta.<\/td>\n                <td>18.30 a 20.30 hs<\/td>\n            <\/tr>\n            <tr>\n                <th>15\/3<\/th>\n                <td>Mirada profesional. Incumbencia del t\u00edtulo.<\/td>\n                <td>Sottile. Sarramone.<\/td>\n                <td>18.30 a 20.30 hs<\/td>\n            <\/tr>\n            <tr>\n                <th>16\/3<\/th>\n                <td>Problem\u00e1ticas en la Adm. P\u00fablica. Mirada inductiva y deductiva en la resoluci\u00f3n de conflictos.<\/td>\n                <td>Scappini. Soriano Nazer.<\/td>\n                <td>18.30 a 20.30 hs<\/td>\n            <\/tr>\n            <tr>\n                <th>20\/3<\/th>\n                <td>Ser estudiantes del nivel superior. Trayectorias. Acompa\u00f1amiento (formas de cursadas, evaluaciones parciales y finales, formas de trabajo en equipo en base a los valores: Solidaridad, Compromiso, Respeto, Responsabilidad, etc.) En conjunto con estudiantes de Pymes.\n                    Presentaciones de trabajos.\n                <\/td>\n                <td>Dinolfo. Santill\u00e1n. Sarramone. Gatti. Draghi.<\/td>\n                <td>18.30 a 20.30 hs<\/td>\n            <\/tr>\n            <tr>\n                <th>21\/3<\/th>\n                <td>Alfabetizaci\u00f3n acad\u00e9mica: Comprensi\u00f3n y an\u00e1lisis de textos.<\/td>\n                <td>Soriano Marcela. Blas. Bucetta.<\/td>\n                <td>18.30 a 20.30 hs<\/td>\n            <\/tr>\n            <tr>\n                <th>22\/3<\/th>\n                <td>La perspectiva de g\u00e9nero en la Adm P\u00fablica.<\/td>\n                <td>Aloisi. Echeverr\u00eda.<\/td>\n                <td>18.30 a 20.30 hs<\/td>\n            <\/tr>\n            <tr>\n                <th>23\/3<\/th>\n                <td>Trabajo colaborativo como instancia de fortalecimiento institucional.<\/td>\n                <td>Scappini. Soriano Nazer.<\/td>\n                <td>18.30 a 20.30 hs<\/td>\n            <\/tr>\n        <\/tbody>\n    <\/table>\n<\/div>\n","protected":false},"excerpt":{"rendered":"<p>D\u00eda Contenido Profesores Horario 13\/3 Bienvenida a los estudiantes integrada con la carrera de Adm Sup en Pymes. Presentaci\u00f3n de la carrera, conocimiento de los distintos \u00d3rganos Pol\u00edticos que componen el nivel superior. (CAI &#8211; CENTRO DE EST.) Invitaci\u00f3n Autoridades, Bibliotecaria, Preceptora, CIPE. Presentaci\u00f3n de nuevas tecnolog\u00edas. Armado de Google drive. Dinolfo. Santill\u00e1n. Sarramone. Gatti. &#8230; <a title=\"Cronograma Tecnicatura en Administraci\u00f3n P\u00fablica\" class=\"read-more\" href=\"https:\/\/isfdyt2-bue.infd.edu.ar\/sitio\/cronograma-tecnicatura-en-administracion-publica\/\" aria-label=\"More on Cronograma Tecnicatura en Administraci\u00f3n P\u00fablica\">[+]<\/a><\/p>\n","protected":false},"author":529,"featured_media":0,"parent":0,"menu_order":0,"comment_status":"closed","ping_status":"closed","template":"","meta":[],"acf":[],"_links":{"self":[{"href":"https:\/\/isfdyt2-bue.infd.edu.ar\/sitio\/wp-json\/wp\/v2\/pages\/3708"}],"collection":[{"href":"https:\/\/isfdyt2-bue.infd.edu.ar\/sitio\/wp-json\/wp\/v2\/pages"}],"about":[{"href":"https:\/\/isfdyt2-bue.infd.edu.ar\/sitio\/wp-json\/wp\/v2\/types\/page"}],"author":[{"embeddable":true,"href":"https:\/\/isfdyt2-bue.infd.edu.ar\/sitio\/wp-json\/wp\/v2\/users\/529"}],"replies":[{"embeddable":true,"href":"https:\/\/isfdyt2-bue.infd.edu.ar\/sitio\/wp-json\/wp\/v2\/comments?post=3708"}],"version-history":[{"count":1,"href":"https:\/\/isfdyt2-bue.infd.edu.ar\/sitio\/wp-json\/wp\/v2\/pages\/3708\/revisions"}],"predecessor-version":[{"id":3709,"href":"https:\/\/isfdyt2-bue.infd.edu.ar\/sitio\/wp-json\/wp\/v2\/pages\/3708\/revisions\/3709"}],"wp:attachment":[{"href":"https:\/\/isfdyt2-bue.infd.edu.ar\/sitio\/wp-json\/wp\/v2\/media?parent=3708"}],"curies":[{"name":"wp","href":"https:\/\/api.w.org\/{rel}","templated":true}]}}