{"id":3706,"date":"2023-03-11T17:56:38","date_gmt":"2023-03-11T20:56:38","guid":{"rendered":"https:\/\/isfdyt2-bue.infd.edu.ar\/sitio\/?page_id=3706"},"modified":"2023-03-11T17:56:39","modified_gmt":"2023-03-11T20:56:39","slug":"cronograma-profesorado-en-ciencias-politicas","status":"publish","type":"page","link":"https:\/\/isfdyt2-bue.infd.edu.ar\/sitio\/cronograma-profesorado-en-ciencias-politicas\/","title":{"rendered":"Cronograma Profesorado en Ciencias Pol\u00edticas"},"content":{"rendered":"\n<div class=\"cnt_table\">\n        <table class=\"table psicologia\">\n            <thead>\n                <tr>\n                    <th>D\u00eda<\/th>\n                    <th>Eje\/Encuentro<\/th>\n                    <th>Contenido<\/th>\n                    <th>Profesores<\/th>\n                    <th>Horario<\/th>\n                <\/tr>\n            <\/thead>\n            <tbody>\n                <tr>\n                    <th>13\/3<\/th>\n                    <td>INTRODUCCI\u00d3N A LA CARRERA Y SER ESTUDIANTE DE NIVEL SUPERIOR<\/td>\n                    <td>Bienvenida.<\/td>\n                    <td>P.Juarez, D.Buceta, P. Rossi, J.P. Minvielle, S. Ruiz Ag\u00fcero, O.Rond\u00e1m\n                        L. Ilardi, F. Fittipaldi\n                    <\/td>\n                    <td>19  hs<\/td>\n                <\/tr>\n                <tr>\n                    <th>14\/3<\/th>\n                    <td>INTRODUCCI\u00d3N A LA CARRERA Y SER ESTUDIANTE DE NIVEL SUPERIOR<\/td>\n                    <td>Presentaci\u00f3n de la carrera fundamentos desde el nuevo dise\u00f1o curricular<\/td>\n                    <td>L. Ilardi- S. Ruiz Ag\u00fcero, F. Fittipaldi<\/td>\n                    <td>19 hs<\/td>\n                <\/tr>\n                <tr>\n                    <th>15\/3<\/th>\n                    <td>FUNDAMENTACI\u00d3N GENERAL*<\/td>\n                    <td>Ense\u00f1anza con eje en la formaci\u00f3n<\/td>\n                    <td>P. Juarez- V.Preissegger<\/td>\n                    <td>19 hs<\/td>\n                <\/tr>\n                <tr>\n                    <th>17\/3<\/th>\n                    <td>FORMACI\u00d3N ESPEC\u00cdFICA (Cs SOCIALES)**<\/td>\n                    <td>Ciencia pol\u00edtica como ciencia social<\/td>\n                    <td>m. strano, d. buceta<\/td>\n                    <td>18 hs<\/td>\n                <\/tr>\n                <tr>\n                    <th>20\/3<\/th>\n                    <td>FORMACI\u00d3N ESPEC\u00cdFICA (Cs SOCIALES)**<\/td>\n                    <td>La historia como insumo para el an\u00e1lisis de lo pol\u00edtico. Memoria, verdad, justicia<\/td>\n                    <td>P. Rossi\n                        S. Ruiz Ag\u00fcero\n                    <\/td>\n                    <td>18 hs<\/td>\n                <\/tr>\n                <tr>\n                    <th>21\/3<\/th>\n                    <td>FORMACI\u00d3N ESPEC\u00cdFICA (Cs SOCIALES)**<\/td>\n                    <td>Transformaciones sociales contempor\u00e1neas: cultura digital<\/td>\n                    <td>D. Mignogna\n                        J. Mas                        \n                    <\/td>\n                    <td>18 hs<\/td>\n                <\/tr>\n                <tr>\n                    <th rowspan=\"2\">22\/3<\/th>\n                    <td>FORMACI\u00d3N ESPEC\u00cdFICA (Cs. POL\u00cdTICA)***<\/td>\n                    <td>Cierre. Construcciones pol\u00edticas, sociales y culturales desde am\u00e9rica latina<\/td>\n                    <td>M. Strano\n                        J. Bidaure\n                        F. Land\u00edvar\n                        <\/td>\n                    <td>19 hs<\/td>\n                <\/tr>\n            <\/tbody>\n        <\/table>\n<\/div>\n\n\n\n<p><strong>IMPORTANTE: Las pr\u00e1cticas de lectura, escritura y oralidad se piensan de manera transversal para todos los ejes.<\/strong><\/p>\n\n\n\n<p><strong>*Fundamentaci\u00f3n General: Espacio dedicado a pensar&nbsp; dialogar sobre la educaci\u00f3n, la ense\u00f1anza, el aprendizaje, y el reconocimiento del posicionamiento pol\u00edtico como futuros trabajadores de la educaci\u00f3n.<\/strong><\/p>\n\n\n\n<p><strong>**Formaci\u00f3n espec\u00edfica Ciencias sociales: Pensar las categor\u00edas que desde las ciencias sociales aportan al an\u00e1lisis de lo pol\u00edtico y la pol\u00edtica.&nbsp;&nbsp;&nbsp;&nbsp;&nbsp;&nbsp; <\/strong><\/p>\n\n\n\n<p><strong>***Formaci\u00f3n espec\u00edfica Ciencias Pol\u00edticas: Reflexi\u00f3n sobre el pensamiento pol\u00edtico, la construcci\u00f3n de categor\u00edas centrales de la Ciencia Pol\u00edtica&nbsp; y su importancia para pensar y analizar problem\u00e1ticas de la actualidad.<\/strong><\/p>\n","protected":false},"excerpt":{"rendered":"<p>D\u00eda Eje\/Encuentro Contenido Profesores Horario 13\/3 INTRODUCCI\u00d3N A LA CARRERA Y SER ESTUDIANTE DE NIVEL SUPERIOR Bienvenida. P.Juarez, D.Buceta, P. Rossi, J.P. Minvielle, S. Ruiz Ag\u00fcero, O.Rond\u00e1m L. Ilardi, F. Fittipaldi 19 hs 14\/3 INTRODUCCI\u00d3N A LA CARRERA Y SER ESTUDIANTE DE NIVEL SUPERIOR Presentaci\u00f3n de la carrera fundamentos desde el nuevo dise\u00f1o curricular L. &#8230; <a title=\"Cronograma Profesorado en Ciencias Pol\u00edticas\" class=\"read-more\" href=\"https:\/\/isfdyt2-bue.infd.edu.ar\/sitio\/cronograma-profesorado-en-ciencias-politicas\/\" aria-label=\"More on Cronograma Profesorado en Ciencias Pol\u00edticas\">[+]<\/a><\/p>\n","protected":false},"author":529,"featured_media":0,"parent":0,"menu_order":0,"comment_status":"closed","ping_status":"closed","template":"","meta":[],"acf":[],"_links":{"self":[{"href":"https:\/\/isfdyt2-bue.infd.edu.ar\/sitio\/wp-json\/wp\/v2\/pages\/3706"}],"collection":[{"href":"https:\/\/isfdyt2-bue.infd.edu.ar\/sitio\/wp-json\/wp\/v2\/pages"}],"about":[{"href":"https:\/\/isfdyt2-bue.infd.edu.ar\/sitio\/wp-json\/wp\/v2\/types\/page"}],"author":[{"embeddable":true,"href":"https:\/\/isfdyt2-bue.infd.edu.ar\/sitio\/wp-json\/wp\/v2\/users\/529"}],"replies":[{"embeddable":true,"href":"https:\/\/isfdyt2-bue.infd.edu.ar\/sitio\/wp-json\/wp\/v2\/comments?post=3706"}],"version-history":[{"count":1,"href":"https:\/\/isfdyt2-bue.infd.edu.ar\/sitio\/wp-json\/wp\/v2\/pages\/3706\/revisions"}],"predecessor-version":[{"id":3707,"href":"https:\/\/isfdyt2-bue.infd.edu.ar\/sitio\/wp-json\/wp\/v2\/pages\/3706\/revisions\/3707"}],"wp:attachment":[{"href":"https:\/\/isfdyt2-bue.infd.edu.ar\/sitio\/wp-json\/wp\/v2\/media?parent=3706"}],"curies":[{"name":"wp","href":"https:\/\/api.w.org\/{rel}","templated":true}]}}