{"id":3702,"date":"2023-03-11T17:54:14","date_gmt":"2023-03-11T20:54:14","guid":{"rendered":"https:\/\/isfdyt2-bue.infd.edu.ar\/sitio\/?page_id=3702"},"modified":"2023-03-11T17:54:15","modified_gmt":"2023-03-11T20:54:15","slug":"cronograma-profesorado-en-psicologia","status":"publish","type":"page","link":"https:\/\/isfdyt2-bue.infd.edu.ar\/sitio\/cronograma-profesorado-en-psicologia\/","title":{"rendered":"Cronograma Profesorado en Psicolog\u00eda"},"content":{"rendered":"\n<div class=\"cnt_table\">\n        <table class=\"table psicologia\">\n            <thead>\n                <tr>\n                    <th>D\u00eda<\/th>\n                    <th>Eje\/Encuentro<\/th>\n                    <th>Contenido<\/th>\n                    <th>Profesores<\/th>\n                    <th>Horario<\/th>\n                <\/tr>\n            <\/thead>\n            <tbody>\n                <tr>\n                    <th rowspan=\"2\">14\/3<\/th>\n                    <td>INTRODUCCI\u00d3N A LA CARRERA Y SER ESTUDIANTE DE NIVEL SUPERIOR<\/td>\n                    <td>Bienvenida, info administrativa<\/td>\n                    <td>Paula Juarez, Maira Fleites, Soledad Ruiz Ag\u00fcero, Marianela Caminoa<\/td>\n                    <td>19 hs<\/td>\n                <\/tr>\n                <tr>\n                    <td>CULTURA DIGITAL<\/td>\n                    <td>Utilizaci\u00f3n del campus y p\u00e1gina del instituto<\/td>\n                    <td>Adriana Layana<\/td>\n                    <td>19 hs<\/td>\n                <\/tr>\n                <tr>\n                    <th>15\/3<\/th>\n                    <td>INTRODUCCI\u00d3N A LA CARRERA Y SER ESTUDIANTE DE NIVEL SUPERIOR<\/td>\n                    <td>Presentaci\u00f3n de la carrera, mitos y realidades<\/td>\n                    <td>Sol Halla, Daiana Mignogna, Mariana Alaimo<\/td>\n                    <td>19 hs<\/td>\n                <\/tr>\n                <tr>\n                    <th>16\/3<\/th>\n                    <td>DD.HH., PERSPECTIVA DE G\u00c9NERO Y AMBIENTAL<\/td>\n                    <td>Sexualidad y esi<\/td>\n                    <td>Marilina B\u00f3rmida, Laura Alga\u00f1araz, Daiana Mignogna<\/td>\n                    <td>19 hs<\/td>\n                <\/tr>\n                <tr>\n                    <th>17\/3<\/th>\n                    <td>ESCRITURA, LECTURA Y EXPRESIVIDAD<\/td>\n                    <td>Cuerpos que importan<\/td>\n                    <td>Pino Gimenez, Adriana Layana<\/td>\n                    <td>19 hs<\/td>\n                <\/tr>\n                <tr>\n                    <th>21\/3<\/th>\n                    <td>INTRODUCCI\u00d3N A LA CARRERA Y SER ESTUDIANTE DE NIVEL SUPERIOR<\/td>\n                    <td>T\u00e9cnicas de estudio, c\u00f3mo preparar una materia<\/td>\n                    <td>Sof\u00eda Minvielle<\/td>\n                    <td>19 hs<\/td>\n                <\/tr>\n                <tr>\n                    <th>22\/3<\/th>\n                    <td>DD.HH., PERSPECTIVA DE G\u00c9NERO Y AMBIENTAL<\/td>\n                    <td>cierre<\/td>\n                    <td>Adriana Layana, Mauro Dongarr\u00e1, Sol Halla<\/td>\n                    <td>19 hs<\/td>\n                <\/tr>\n            <\/tbody>\n        <\/table>\n<\/div>\n","protected":false},"excerpt":{"rendered":"<p>D\u00eda Eje\/Encuentro Contenido Profesores Horario 14\/3 INTRODUCCI\u00d3N A LA CARRERA Y SER ESTUDIANTE DE NIVEL SUPERIOR Bienvenida, info administrativa Paula Juarez, Maira Fleites, Soledad Ruiz Ag\u00fcero, Marianela Caminoa 19 hs CULTURA DIGITAL Utilizaci\u00f3n del campus y p\u00e1gina del instituto Adriana Layana 19 hs 15\/3 INTRODUCCI\u00d3N A LA CARRERA Y SER ESTUDIANTE DE NIVEL SUPERIOR Presentaci\u00f3n &#8230; <a title=\"Cronograma Profesorado en Psicolog\u00eda\" class=\"read-more\" href=\"https:\/\/isfdyt2-bue.infd.edu.ar\/sitio\/cronograma-profesorado-en-psicologia\/\" aria-label=\"More on Cronograma Profesorado en Psicolog\u00eda\">[+]<\/a><\/p>\n","protected":false},"author":529,"featured_media":0,"parent":0,"menu_order":0,"comment_status":"closed","ping_status":"closed","template":"","meta":[],"acf":[],"_links":{"self":[{"href":"https:\/\/isfdyt2-bue.infd.edu.ar\/sitio\/wp-json\/wp\/v2\/pages\/3702"}],"collection":[{"href":"https:\/\/isfdyt2-bue.infd.edu.ar\/sitio\/wp-json\/wp\/v2\/pages"}],"about":[{"href":"https:\/\/isfdyt2-bue.infd.edu.ar\/sitio\/wp-json\/wp\/v2\/types\/page"}],"author":[{"embeddable":true,"href":"https:\/\/isfdyt2-bue.infd.edu.ar\/sitio\/wp-json\/wp\/v2\/users\/529"}],"replies":[{"embeddable":true,"href":"https:\/\/isfdyt2-bue.infd.edu.ar\/sitio\/wp-json\/wp\/v2\/comments?post=3702"}],"version-history":[{"count":1,"href":"https:\/\/isfdyt2-bue.infd.edu.ar\/sitio\/wp-json\/wp\/v2\/pages\/3702\/revisions"}],"predecessor-version":[{"id":3703,"href":"https:\/\/isfdyt2-bue.infd.edu.ar\/sitio\/wp-json\/wp\/v2\/pages\/3702\/revisions\/3703"}],"wp:attachment":[{"href":"https:\/\/isfdyt2-bue.infd.edu.ar\/sitio\/wp-json\/wp\/v2\/media?parent=3702"}],"curies":[{"name":"wp","href":"https:\/\/api.w.org\/{rel}","templated":true}]}}