{"id":3696,"date":"2023-03-11T17:51:35","date_gmt":"2023-03-11T20:51:35","guid":{"rendered":"https:\/\/isfdyt2-bue.infd.edu.ar\/sitio\/?page_id=3696"},"modified":"2023-03-11T17:51:36","modified_gmt":"2023-03-11T20:51:36","slug":"cronograma-tecnicatura-en-administracion-de-pymes","status":"publish","type":"page","link":"https:\/\/isfdyt2-bue.infd.edu.ar\/sitio\/cronograma-tecnicatura-en-administracion-de-pymes\/","title":{"rendered":"Cronograma Tecnicatura en Administraci\u00f3n de Pymes"},"content":{"rendered":"\n<div class=\"cnt_table\">\n    <table class=\"table psicologia\">\n        <thead>\n            <tr>\n                <th>D\u00eda<\/th>\n                <th>Contenido<\/th>\n                <th>Profesores<\/th>\n                <th>Horario<\/th>\n            <\/tr>\n        <\/thead>\n        <tbody>\n            <tr>\n                <th rowspan=\"2\">13\/3<\/th>\n                <td>Bienvenida a los estudiantes integrado con la Carrera Tecnicatura Sup. de Adm. Publica ,\n                    presentaci\u00f3n de la carrera, conocimiento de los distintos Organos Politicos que componen el\n                    nivel superior. (CAI &#8211; CENTRO DE EST.) Invitacion Autoridades, Bibliotecaria, Preceptora, CIPE.\n                <\/td>\n                <td>Maria Dinolfo &#8211; Diego Santillan &#8211; Federico Serramone.<\/td>\n                <td>18.30 a 19.45 hs.<\/td>\n            <\/tr>\n            <tr>\n                <td>Presentaci\u00f3n de las Nuevas Tecnolog\u00edas, armado de Google Drive, estableciendo\n                    canales de comunicaci\u00f3n entre los estudiantes y por espacio.\n                <\/td>\n                <td>Edgardo Gatti &#8211; Dario Draghi.<\/td>\n                <td>20.00 a 21.30 hs.<\/td>\n            <\/tr>\n            <tr>\n                <th rowspan=\"2\">14\/3<\/th>\n                <td>Alfabetizaci\u00f3n Acad\u00e9mica &#8211; Texto motivador estableciendo diferentes tecn\u00edcas de estudio &#8211; Partes de un Libro.<\/td>\n                <td>Yanina Barbagelata.<\/td>\n                <td>18.30 a 19.45 hs.<\/td>\n            <\/tr>\n            <tr>\n                <td>Diferencia entre normas morales y normas legales.<\/td>\n                <td>Lisandro Erregerena &#8211; Ana Perez de Albeniz.<\/td>\n                <td>20.00 a 21.30 hs.<\/td>\n            <\/tr>\n            <tr>\n                <th rowspan=\"2\">15\/3<\/th>\n                <td>Estudios de emprendimientos.<\/td>\n                <td>Santiago Morales.<\/td>\n                <td>18.30 a 19.45 hs.<\/td>\n            <\/tr>\n            <tr>\n                <td>Estrategias Ludicas para establecer lazos e interacci\u00f3n entre los Estudiantes afianzando el Nivel Superior.<\/td>\n                <td>Diego Santillan &#8211; Maria Dinolfo.<\/td>\n                <td>20.00 a 21.30 hs.<\/td>\n            <\/tr>\n            <tr>\n                <th rowspan=\"2\">16\/3<\/th>\n                <td>Comunicaci\u00f3n en el Nivel Superior &#8211; PYMES Estrateg\u00edas de Marketing.<\/td>\n                <td>Guillermo Radvizoli- Juan Pablo Sottile.<\/td>\n                <td>18.30 a 19.45 hs.<\/td>\n            <\/tr>\n            <tr>\n                <td>Historia del uso de los n\u00fameros en la econom\u00eda.<\/td>\n                <td>Dario Draghi &#8211; Griselda Paulino.<\/td>\n                <td>20.00 a 21.30 hs.<\/td>\n            <\/tr>\n            <tr>\n                <th rowspan=\"2\">17\/3<\/th>\n                <td>Contin\u00faa con el armado de Google Drive que se comenzo a trabajar dia lunes 13\/03\/2023 &#8211; ESI en el Nivel Superior.<\/td>\n                <td>Rodrigo Milanessi.<\/td>\n                <td>18.30 a 19.45 hs.<\/td>\n            <\/tr>\n            <tr>\n                <td>Alfabetizaci\u00f3n Acad\u00e9mica (coordinar con Yanina y Juan Pablo).<\/td>\n                <td>Maira Fleites.<\/td>\n                <td>20.00 a 21.00 hs.<\/td>\n            <\/tr>\n            <tr>\n                <th rowspan=\"2\">20\/3<\/th>\n                <td>SER ESTUDIANTES DEL NIVEL SUPERIOR: Trayectorias Acad\u00e9micas, acompa\u00f1amiento\n                    (formas de cursadas, evaluac\u00edones parciales y finales, formas de trabajo en equipo en\n                    base a los valores: Solidaridad, Compromiso, Respeto, Responsabilidad, etc.)\n                <\/td>\n                <td>Maria Dinolfo &#8211; Diego Santillan &#8211; Federico Serramone.<\/td>\n                <td>18.30 a 19.45 hs.<\/td>\n            <\/tr>\n            <tr>\n                <td>Trabajar de manera articulada con Yanina, Juan Pablo y Maira para hacer las\n                    Presentaci\u00f3nes de lo producido en Word.\n                <\/td>\n                <td>Edgardo Gatti &#8211; Dario Draghi.<\/td>\n                <td>20.00 a 21.30 hs.<\/td>\n            <\/tr>\n            <tr>\n                <th rowspan=\"2\">21\/3<\/th>\n                <td>Contin\u00faan trabajado la tem\u00e1tica de la primera semana..<\/td>\n                <td>Yanina Barbagelata.<\/td>\n                <td>18.30 a 19.45 hs.<\/td>\n            <\/tr>\n            <tr>\n                <td>Contin\u00faan trabajado la tem\u00e1tica de la primera semana..<\/td>\n                <td>Lisandro Erregerena &#8211; Ana Perez de Albeniz.<\/td>\n                <td>20.00 a 21.30 hs.<\/td>\n            <\/tr>\n            <tr>\n                <th rowspan=\"2\">22\/3<\/th>\n                <td>Trabajos pr\u00e1cticos- Herramientas para formalizar.<\/td>\n                <td>Omar Norte.<\/td>\n                <td>18.30 a 19.45 hs.<\/td>\n            <\/tr>\n            <tr>\n                <td>Normativas sobre Practicas Profesionalizantes &#8211; Armado de Curr\u00edculum Vitae &#8211; Carta de Presentaci\u00f3n.<\/td>\n                <td>Omar Norte.<\/td>\n                <td>Diego Santillan &#8211; Maria Dinolfo.<\/td>\n            <\/tr>\n            <tr>\n                <th rowspan=\"2\">23\/3<\/th>\n                <td>Contin\u00faan trabajado la tem\u00e1tica de la primera semana.<\/td>\n                <td>Guillermo Radvizoli- Juan Pablo Sottile.<\/td>\n                <td>18.30 a 19.45 hs.<\/td>\n            <\/tr>\n            <tr>\n                <td>Contin\u00faan trabajado con lo comenzado en la primer semana. &#8211; Cierre del Curso Inicial,\n                    entrega de sugerencias y aspiraciones Academicas por parte de los Estudiantes.\n                <\/td>\n                <td>Dario Draghi &#8211; Griselda Paulino.<\/td>\n                <td>20.00 a 21.30 hs.<\/td>\n            <\/tr>\n        <\/tbody>\n    <\/table>\n<\/div>\n","protected":false},"excerpt":{"rendered":"<p>D\u00eda Contenido Profesores Horario 13\/3 Bienvenida a los estudiantes integrado con la Carrera Tecnicatura Sup. de Adm. Publica , presentaci\u00f3n de la carrera, conocimiento de los distintos Organos Politicos que componen el nivel superior. (CAI &#8211; CENTRO DE EST.) Invitacion Autoridades, Bibliotecaria, Preceptora, CIPE. Maria Dinolfo &#8211; Diego Santillan &#8211; Federico Serramone. 18.30 a 19.45 &#8230; <a title=\"Cronograma Tecnicatura en Administraci\u00f3n de Pymes\" class=\"read-more\" href=\"https:\/\/isfdyt2-bue.infd.edu.ar\/sitio\/cronograma-tecnicatura-en-administracion-de-pymes\/\" aria-label=\"More on Cronograma Tecnicatura en Administraci\u00f3n de Pymes\">[+]<\/a><\/p>\n","protected":false},"author":529,"featured_media":0,"parent":0,"menu_order":0,"comment_status":"closed","ping_status":"closed","template":"","meta":[],"acf":[],"_links":{"self":[{"href":"https:\/\/isfdyt2-bue.infd.edu.ar\/sitio\/wp-json\/wp\/v2\/pages\/3696"}],"collection":[{"href":"https:\/\/isfdyt2-bue.infd.edu.ar\/sitio\/wp-json\/wp\/v2\/pages"}],"about":[{"href":"https:\/\/isfdyt2-bue.infd.edu.ar\/sitio\/wp-json\/wp\/v2\/types\/page"}],"author":[{"embeddable":true,"href":"https:\/\/isfdyt2-bue.infd.edu.ar\/sitio\/wp-json\/wp\/v2\/users\/529"}],"replies":[{"embeddable":true,"href":"https:\/\/isfdyt2-bue.infd.edu.ar\/sitio\/wp-json\/wp\/v2\/comments?post=3696"}],"version-history":[{"count":1,"href":"https:\/\/isfdyt2-bue.infd.edu.ar\/sitio\/wp-json\/wp\/v2\/pages\/3696\/revisions"}],"predecessor-version":[{"id":3697,"href":"https:\/\/isfdyt2-bue.infd.edu.ar\/sitio\/wp-json\/wp\/v2\/pages\/3696\/revisions\/3697"}],"wp:attachment":[{"href":"https:\/\/isfdyt2-bue.infd.edu.ar\/sitio\/wp-json\/wp\/v2\/media?parent=3696"}],"curies":[{"name":"wp","href":"https:\/\/api.w.org\/{rel}","templated":true}]}}