{"id":3162,"date":"2022-10-25T17:10:26","date_gmt":"2022-10-25T20:10:26","guid":{"rendered":"https:\/\/isfdyt2-bue.infd.edu.ar\/sitio\/?page_id=3162"},"modified":"2023-11-14T21:19:24","modified_gmt":"2023-11-15T00:19:24","slug":"oferta-educativa-2023-tecnicatura-superior-en-trabajo-social","status":"publish","type":"page","link":"https:\/\/isfdyt2-bue.infd.edu.ar\/sitio\/oferta-educativa-2023-tecnicatura-superior-en-trabajo-social\/","title":{"rendered":"Oferta Educativa 2023 &#8211; Tecnicatura superior en Trabajo Social"},"content":{"rendered":"\n<p><strong>Nombre de la carrera: Tecnicatura superior en Trabajo Social<\/strong> <strong>(<a href=\"https:\/\/isfdyt2-bue.infd.edu.ar\/sitio\/wp-content\/uploads\/2021\/03\/disenio-TRABAJO_SOCIAL_166606-1.pdf\" target=\"_blank\" rel=\"noreferrer noopener\">RES. N\u00b0 1666\/06<\/a>)<\/strong><\/p>\n\n\n\n<p><strong>T\u00edtulo que otorga<\/strong>: TRABAJADOR SOCIAL.<\/p>\n\n\n\n<p><strong>Modalidad<\/strong>: Presencial.<\/p>\n\n\n\n<p><strong>Duraci\u00f3n de la carrera<\/strong>: 4 A\u00f1os.<\/p>\n\n\n\n<p><strong>Perfil del Egresado<\/strong>: El Trabajador Social es un profesional competente para intervenir en diferentes espacios gubernamentales y no gubernamentales; capacitado para el abordaje de problem\u00e1ticas sociales e implementar alternativas de resoluci\u00f3n instrumentando metodolog\u00edas de la investigaci\u00f3n, elaborando diagn\u00f3sticos y planificaciones; asesorando, gestionando y coordinando acciones y recursos a trav\u00e9s de la sistematizaci\u00f3n de su pr\u00e1ctica profesional.<br><\/p>\n\n\n\n<ol>\n<li>Planificar, Orientar, Asesorar, Organizar, Conducir, Coordinar, Administrar y Evaluar acciones institucionales en diferentes niveles de funcionamiento y de decisi\u00f3n pol\u00edtica.\n<ol>\n<li>Orientar, supervisar y capacitar equipos de trabajo.<\/li>\n\n\n\n<li>Organizar y coordinar actividades en instituciones con proyecci\u00f3n a la comunidad.<\/li>\n\n\n\n<li>Trabajar en redes, optimizando el uso de los recursos existentes.<\/li>\n\n\n\n<li>Intervenir en y desde instituciones gubernamentales y no gubernamentales<\/li>\n\n\n\n<li>Generar trabajo independiente.<\/li>\n<\/ol>\n<\/li>\n\n\n\n<li>Gestionar recursos y acciones propias de sus actividades profesionales.\n<ol>\n<li>Generar, potenciar y\/ o fortalecer procesos de formaci\u00f3n comunitaria e institucional articulando necesidades e intereses de los sectores que participan del mismo y los objetivos de la instituci\u00f3n, tendiendo a la satisfacci\u00f3n y legitimaci\u00f3n de los Derechos Humanos.<\/li>\n\n\n\n<li>Manejar instrumentos que ofrecen la comunicaci\u00f3n y la inform\u00e1tica.<\/li>\n\n\n\n<li>Gestionar y administrar organizaciones sociales que atienden distintas problem\u00e1ticas.<\/li>\n\n\n\n<li>Conformar equipos de capacitaci\u00f3n en gesti\u00f3n para los recursos humanos.<\/li>\n\n\n\n<li>Participar en la gesti\u00f3n de Pol\u00edticas Sociales Estatales y no Estatales.<\/li>\n<\/ol>\n<\/li>\n\n\n\n<li>Sistematizar la pr\u00e1ctica profesional.\n<ol>\n<li>Elaborar informes, diagn\u00f3sticos sociales y estrategias de intervenci\u00f3n profesional en diferentes instancias del campo social relacionadas a situaciones problem\u00e1ticas abordadas.<\/li>\n\n\n\n<li>Fortalecer espacios de conocimientos e intervenci\u00f3n desde pr\u00e1cticas interdisciplinarias, a trav\u00e9s de estrategias promocionales autogestionarias, preventivas, asistenciales y de emergencia.<\/li>\n\n\n\n<li>Realizar aportes desde la especificidad profesional en equipos interdisciplinarios con relaci\u00f3n a la lectura, an\u00e1lisis e identificaci\u00f3n de la situaci\u00f3n abordada.<\/li>\n\n\n\n<li>Incorporar los aspectos socio-econ\u00f3mico-pol\u00edtico-culturales que condicionan la situaci\u00f3n abordada.<\/li>\n\n\n\n<li>Incorporar en los equipos interdisciplinarios la metodolog\u00eda de trabajo en sus dos dimensiones: al interior del equipo y en el abordaje de la situaci\u00f3n concreta.<\/li>\n<\/ol>\n<\/li>\n<\/ol>\n\n\n\n<p><a href=\"https:\/\/isfdyt2-bue.infd.edu.ar\/sitio\/tecnicatura-superior-en-trabajo-social\/\" data-type=\"page\" data-id=\"1274\">Horarios de cursada<\/a><\/p>\n","protected":false},"excerpt":{"rendered":"<p>Nombre de la carrera: Tecnicatura superior en Trabajo Social (RES. N\u00b0 1666\/06) T\u00edtulo que otorga: TRABAJADOR SOCIAL. Modalidad: Presencial. Duraci\u00f3n de la carrera: 4 A\u00f1os. Perfil del Egresado: El Trabajador Social es un profesional competente para intervenir en diferentes espacios gubernamentales y no gubernamentales; capacitado para el abordaje de problem\u00e1ticas sociales e implementar alternativas de &#8230; <a title=\"Oferta Educativa 2023 &#8211; Tecnicatura superior en Trabajo Social\" class=\"read-more\" href=\"https:\/\/isfdyt2-bue.infd.edu.ar\/sitio\/oferta-educativa-2023-tecnicatura-superior-en-trabajo-social\/\" aria-label=\"More on Oferta Educativa 2023 &#8211; Tecnicatura superior en Trabajo Social\">[+]<\/a><\/p>\n","protected":false},"author":529,"featured_media":0,"parent":0,"menu_order":0,"comment_status":"closed","ping_status":"closed","template":"","meta":[],"acf":[],"_links":{"self":[{"href":"https:\/\/isfdyt2-bue.infd.edu.ar\/sitio\/wp-json\/wp\/v2\/pages\/3162"}],"collection":[{"href":"https:\/\/isfdyt2-bue.infd.edu.ar\/sitio\/wp-json\/wp\/v2\/pages"}],"about":[{"href":"https:\/\/isfdyt2-bue.infd.edu.ar\/sitio\/wp-json\/wp\/v2\/types\/page"}],"author":[{"embeddable":true,"href":"https:\/\/isfdyt2-bue.infd.edu.ar\/sitio\/wp-json\/wp\/v2\/users\/529"}],"replies":[{"embeddable":true,"href":"https:\/\/isfdyt2-bue.infd.edu.ar\/sitio\/wp-json\/wp\/v2\/comments?post=3162"}],"version-history":[{"count":10,"href":"https:\/\/isfdyt2-bue.infd.edu.ar\/sitio\/wp-json\/wp\/v2\/pages\/3162\/revisions"}],"predecessor-version":[{"id":3830,"href":"https:\/\/isfdyt2-bue.infd.edu.ar\/sitio\/wp-json\/wp\/v2\/pages\/3162\/revisions\/3830"}],"wp:attachment":[{"href":"https:\/\/isfdyt2-bue.infd.edu.ar\/sitio\/wp-json\/wp\/v2\/media?parent=3162"}],"curies":[{"name":"wp","href":"https:\/\/api.w.org\/{rel}","templated":true}]}}