{"id":3145,"date":"2022-10-25T17:09:38","date_gmt":"2022-10-25T20:09:38","guid":{"rendered":"https:\/\/isfdyt2-bue.infd.edu.ar\/sitio\/?page_id=3145"},"modified":"2023-11-14T21:18:20","modified_gmt":"2023-11-15T00:18:20","slug":"oferta-educativa-2023-profesorado-de-la-educacion-secundaria-en-psicologia","status":"publish","type":"page","link":"https:\/\/isfdyt2-bue.infd.edu.ar\/sitio\/oferta-educativa-2023-profesorado-de-la-educacion-secundaria-en-psicologia\/","title":{"rendered":"Oferta Educativa 2023 &#8211; Profesorado de la educaci\u00f3n secundaria en Psicolog\u00eda"},"content":{"rendered":"\n<p><strong>Nombre de la carrera: Profesorado de la educaci\u00f3n secundaria en Psicolog\u00eda<\/strong> <strong>(<a href=\"https:\/\/isfdyt2-bue.infd.edu.ar\/sitio\/wp-content\/uploads\/2021\/03\/disenio-psicologia.pdf\" target=\"_blank\" rel=\"noreferrer noopener\">RES. N\u00b0 13271\/99 y 3154\/02<\/a>)<\/strong><\/p>\n\n\n\n<p><strong>T\u00edtulo que otorga<\/strong>: PROFESOR\/A DE EDUCACI\u00d3N SECUNDARIA EN PSICOLOG\u00cdA.<\/p>\n\n\n\n<p><strong>Incumbencia del t\u00edtulo<\/strong>: Nivel Secundario y Nivel Superior.<\/p>\n\n\n\n<p><strong>Modalidad<\/strong>: Presencial.<\/p>\n\n\n\n<p><strong>Duraci\u00f3n de la carrera<\/strong>: 4 A\u00f1os.<\/p>\n\n\n\n<p><strong>Perfil del Egresado<\/strong>: Es una carrera que permite a sus futuros graduados trabajar en \u00e1mbitos educativos, tanto desde las aulas como en los EOE, siendo este \u00faltimo un desaf\u00edo muy interesante. Ofrece un campo disciplinar y te\u00f3rico amplio para que sus graduados se inserten efectivamente en el mundo de la docencia.<\/p>\n\n\n\n<p><a href=\"https:\/\/isfdyt2-bue.infd.edu.ar\/sitio\/profesorado-de-la-educacion-secundaria-en-psicologia\/\" data-type=\"page\" data-id=\"1241\">Horarios de cursada<\/a><\/p>\n","protected":false},"excerpt":{"rendered":"<p>Nombre de la carrera: Profesorado de la educaci\u00f3n secundaria en Psicolog\u00eda (RES. N\u00b0 13271\/99 y 3154\/02) T\u00edtulo que otorga: PROFESOR\/A DE EDUCACI\u00d3N SECUNDARIA EN PSICOLOG\u00cdA. Incumbencia del t\u00edtulo: Nivel Secundario y Nivel Superior. Modalidad: Presencial. Duraci\u00f3n de la carrera: 4 A\u00f1os. Perfil del Egresado: Es una carrera que permite a sus futuros graduados trabajar en &#8230; <a title=\"Oferta Educativa 2023 &#8211; Profesorado de la educaci\u00f3n secundaria en Psicolog\u00eda\" class=\"read-more\" href=\"https:\/\/isfdyt2-bue.infd.edu.ar\/sitio\/oferta-educativa-2023-profesorado-de-la-educacion-secundaria-en-psicologia\/\" aria-label=\"More on Oferta Educativa 2023 &#8211; Profesorado de la educaci\u00f3n secundaria en Psicolog\u00eda\">[+]<\/a><\/p>\n","protected":false},"author":529,"featured_media":0,"parent":0,"menu_order":0,"comment_status":"closed","ping_status":"closed","template":"","meta":[],"acf":[],"_links":{"self":[{"href":"https:\/\/isfdyt2-bue.infd.edu.ar\/sitio\/wp-json\/wp\/v2\/pages\/3145"}],"collection":[{"href":"https:\/\/isfdyt2-bue.infd.edu.ar\/sitio\/wp-json\/wp\/v2\/pages"}],"about":[{"href":"https:\/\/isfdyt2-bue.infd.edu.ar\/sitio\/wp-json\/wp\/v2\/types\/page"}],"author":[{"embeddable":true,"href":"https:\/\/isfdyt2-bue.infd.edu.ar\/sitio\/wp-json\/wp\/v2\/users\/529"}],"replies":[{"embeddable":true,"href":"https:\/\/isfdyt2-bue.infd.edu.ar\/sitio\/wp-json\/wp\/v2\/comments?post=3145"}],"version-history":[{"count":3,"href":"https:\/\/isfdyt2-bue.infd.edu.ar\/sitio\/wp-json\/wp\/v2\/pages\/3145\/revisions"}],"predecessor-version":[{"id":3288,"href":"https:\/\/isfdyt2-bue.infd.edu.ar\/sitio\/wp-json\/wp\/v2\/pages\/3145\/revisions\/3288"}],"wp:attachment":[{"href":"https:\/\/isfdyt2-bue.infd.edu.ar\/sitio\/wp-json\/wp\/v2\/media?parent=3145"}],"curies":[{"name":"wp","href":"https:\/\/api.w.org\/{rel}","templated":true}]}}