{"id":3134,"date":"2022-10-25T17:08:53","date_gmt":"2022-10-25T20:08:53","guid":{"rendered":"https:\/\/isfdyt2-bue.infd.edu.ar\/sitio\/?page_id=3134"},"modified":"2023-11-14T21:17:58","modified_gmt":"2023-11-15T00:17:58","slug":"oferta-educativa-2023-profesorado-de-educacion-especial","status":"publish","type":"page","link":"https:\/\/isfdyt2-bue.infd.edu.ar\/sitio\/oferta-educativa-2023-profesorado-de-educacion-especial\/","title":{"rendered":"Oferta Educativa 2023 &#8211; Profesorado de Educaci\u00f3n Especial"},"content":{"rendered":"\n<p><strong>Nombre de la carrera: Profesorado de Educaci\u00f3n Especial<\/strong> <strong>(<a href=\"https:\/\/isfdyt2-bue.infd.edu.ar\/sitio\/wp-content\/uploads\/2021\/03\/disenio-especial.pdf\" target=\"_blank\" rel=\"noreferrer noopener\">RES. N\u00b0 1221\/15<\/a>)<\/strong><\/p>\n\n\n\n<p><strong>T\u00edtulo que otorga<\/strong>: PROFESOR\/A DE EDUCACI\u00d3N ESPECIAL.<\/p>\n\n\n\n<p><strong>Incumbencia del t\u00edtulo<\/strong>: Nivel Inicial, Nivel Primario, Nivel Secundario y Nivel Superior de la modalidad educativa de Educaci\u00f3n Especial.<\/p>\n\n\n\n<p><strong>Modalidad<\/strong>: Presencial.<\/p>\n\n\n\n<p><strong>Duraci\u00f3n de la carrera<\/strong>: 4 A\u00f1os.<\/p>\n\n\n\n<p><strong>Perfil del Egresado<\/strong>: Es una carrera que aspira a formar educadores que garanticen la educaci\u00f3n a personas con discapacidad. Atendiendo la diversidad, fomenta la aceptaci\u00f3n y el respeto de las diferencias individuales como condici\u00f3n inherente de la naturaleza humana.<\/p>\n\n\n\n<p><a href=\"https:\/\/isfdyt2-bue.infd.edu.ar\/sitio\/profesorado-de-educacion-especial-2\/\" data-type=\"page\" data-id=\"1284\">Horarios de cursada<\/a><\/p>\n","protected":false},"excerpt":{"rendered":"<p>Nombre de la carrera: Profesorado de Educaci\u00f3n Especial (RES. N\u00b0 1221\/15) T\u00edtulo que otorga: PROFESOR\/A DE EDUCACI\u00d3N ESPECIAL. Incumbencia del t\u00edtulo: Nivel Inicial, Nivel Primario, Nivel Secundario y Nivel Superior de la modalidad educativa de Educaci\u00f3n Especial. Modalidad: Presencial. Duraci\u00f3n de la carrera: 4 A\u00f1os. Perfil del Egresado: Es una carrera que aspira a formar &#8230; <a title=\"Oferta Educativa 2023 &#8211; Profesorado de Educaci\u00f3n Especial\" class=\"read-more\" href=\"https:\/\/isfdyt2-bue.infd.edu.ar\/sitio\/oferta-educativa-2023-profesorado-de-educacion-especial\/\" aria-label=\"More on Oferta Educativa 2023 &#8211; Profesorado de Educaci\u00f3n Especial\">[+]<\/a><\/p>\n","protected":false},"author":529,"featured_media":0,"parent":0,"menu_order":0,"comment_status":"closed","ping_status":"closed","template":"","meta":[],"acf":[],"_links":{"self":[{"href":"https:\/\/isfdyt2-bue.infd.edu.ar\/sitio\/wp-json\/wp\/v2\/pages\/3134"}],"collection":[{"href":"https:\/\/isfdyt2-bue.infd.edu.ar\/sitio\/wp-json\/wp\/v2\/pages"}],"about":[{"href":"https:\/\/isfdyt2-bue.infd.edu.ar\/sitio\/wp-json\/wp\/v2\/types\/page"}],"author":[{"embeddable":true,"href":"https:\/\/isfdyt2-bue.infd.edu.ar\/sitio\/wp-json\/wp\/v2\/users\/529"}],"replies":[{"embeddable":true,"href":"https:\/\/isfdyt2-bue.infd.edu.ar\/sitio\/wp-json\/wp\/v2\/comments?post=3134"}],"version-history":[{"count":6,"href":"https:\/\/isfdyt2-bue.infd.edu.ar\/sitio\/wp-json\/wp\/v2\/pages\/3134\/revisions"}],"predecessor-version":[{"id":3292,"href":"https:\/\/isfdyt2-bue.infd.edu.ar\/sitio\/wp-json\/wp\/v2\/pages\/3134\/revisions\/3292"}],"wp:attachment":[{"href":"https:\/\/isfdyt2-bue.infd.edu.ar\/sitio\/wp-json\/wp\/v2\/media?parent=3134"}],"curies":[{"name":"wp","href":"https:\/\/api.w.org\/{rel}","templated":true}]}}