{"id":3128,"date":"2022-10-25T17:09:27","date_gmt":"2022-10-25T20:09:27","guid":{"rendered":"https:\/\/isfdyt2-bue.infd.edu.ar\/sitio\/?page_id=3128"},"modified":"2023-11-14T21:23:31","modified_gmt":"2023-11-15T00:23:31","slug":"oferta-educativa-2023-profesorado-de-la-educacion-secundaria-en-ciencias-politicas","status":"publish","type":"page","link":"https:\/\/isfdyt2-bue.infd.edu.ar\/sitio\/oferta-educativa-2023-profesorado-de-la-educacion-secundaria-en-ciencias-politicas\/","title":{"rendered":"Oferta Educativa 2023 &#8211; Profesorado de la educaci\u00f3n secundaria en Ciencias Pol\u00edticas"},"content":{"rendered":"\n<p><strong>Nombre de la carrera: Profesorado de la educaci\u00f3n secundaria en Ciencias Pol\u00edticas<\/strong> <strong>(RES. N\u00b0 3604\/22)<\/strong><\/p>\n\n\n\n<p><strong>T\u00edtulo que otorga<\/strong>: PROFESOR\/A SECUNDARIO EN CIENCIAS POL\u00cdTICAS.<\/p>\n\n\n\n<p><strong>Incumbencia del t\u00edtulo<\/strong>: Nivel Secundario y Nivel Superior.<\/p>\n\n\n\n<p><strong>Modalidad<\/strong>: Presencial.<\/p>\n\n\n\n<p><strong>Duraci\u00f3n de la carrera<\/strong>: 4 A\u00f1os.<\/p>\n\n\n\n<p><strong>Perfil del Egresado<\/strong>: Es una carrera con orientaci\u00f3n docente que tiene el objetivo de formar profesionales que se desempe\u00f1en en el \u00e1mbito de las ciencias pol\u00edticas, desde una perspectiva cr\u00edtica que invite a repensarlas aplicadas al contexto local, nacional, latinoamericano y mundial.<\/p>\n\n\n\n<p><a href=\"https:\/\/isfdyt2-bue.infd.edu.ar\/sitio\/profesorado-de-la-educacion-secundaria-en-ciencias-politicas\/\" data-type=\"page\" data-id=\"1260\">Horarios de cursada<\/a><\/p>\n","protected":false},"excerpt":{"rendered":"<p>Nombre de la carrera: Profesorado de la educaci\u00f3n secundaria en Ciencias Pol\u00edticas (RES. N\u00b0 3604\/22) T\u00edtulo que otorga: PROFESOR\/A SECUNDARIO EN CIENCIAS POL\u00cdTICAS. Incumbencia del t\u00edtulo: Nivel Secundario y Nivel Superior. Modalidad: Presencial. Duraci\u00f3n de la carrera: 4 A\u00f1os. Perfil del Egresado: Es una carrera con orientaci\u00f3n docente que tiene el objetivo de formar profesionales &#8230; <a title=\"Oferta Educativa 2023 &#8211; Profesorado de la educaci\u00f3n secundaria en Ciencias Pol\u00edticas\" class=\"read-more\" href=\"https:\/\/isfdyt2-bue.infd.edu.ar\/sitio\/oferta-educativa-2023-profesorado-de-la-educacion-secundaria-en-ciencias-politicas\/\" aria-label=\"More on Oferta Educativa 2023 &#8211; Profesorado de la educaci\u00f3n secundaria en Ciencias Pol\u00edticas\">[+]<\/a><\/p>\n","protected":false},"author":529,"featured_media":0,"parent":0,"menu_order":0,"comment_status":"closed","ping_status":"closed","template":"","meta":[],"acf":[],"_links":{"self":[{"href":"https:\/\/isfdyt2-bue.infd.edu.ar\/sitio\/wp-json\/wp\/v2\/pages\/3128"}],"collection":[{"href":"https:\/\/isfdyt2-bue.infd.edu.ar\/sitio\/wp-json\/wp\/v2\/pages"}],"about":[{"href":"https:\/\/isfdyt2-bue.infd.edu.ar\/sitio\/wp-json\/wp\/v2\/types\/page"}],"author":[{"embeddable":true,"href":"https:\/\/isfdyt2-bue.infd.edu.ar\/sitio\/wp-json\/wp\/v2\/users\/529"}],"replies":[{"embeddable":true,"href":"https:\/\/isfdyt2-bue.infd.edu.ar\/sitio\/wp-json\/wp\/v2\/comments?post=3128"}],"version-history":[{"count":8,"href":"https:\/\/isfdyt2-bue.infd.edu.ar\/sitio\/wp-json\/wp\/v2\/pages\/3128\/revisions"}],"predecessor-version":[{"id":4151,"href":"https:\/\/isfdyt2-bue.infd.edu.ar\/sitio\/wp-json\/wp\/v2\/pages\/3128\/revisions\/4151"}],"wp:attachment":[{"href":"https:\/\/isfdyt2-bue.infd.edu.ar\/sitio\/wp-json\/wp\/v2\/media?parent=3128"}],"curies":[{"name":"wp","href":"https:\/\/api.w.org\/{rel}","templated":true}]}}