{"id":3107,"date":"2022-10-25T17:10:00","date_gmt":"2022-10-25T20:10:00","guid":{"rendered":"https:\/\/isfdyt2-bue.infd.edu.ar\/sitio\/?page_id=3107"},"modified":"2023-11-14T21:18:57","modified_gmt":"2023-11-15T00:18:57","slug":"oferta-educativa-2023-tecnicatura-superior-en-acompanamiento-terapeutico","status":"publish","type":"page","link":"https:\/\/isfdyt2-bue.infd.edu.ar\/sitio\/oferta-educativa-2023-tecnicatura-superior-en-acompanamiento-terapeutico\/","title":{"rendered":"Oferta Educativa 2023 &#8211; Tecnicatura superior en acompa\u00f1amiento terap\u00e9utico"},"content":{"rendered":"\n<p><strong>Nombre de la carrera: Tecnicatura superior en acompa\u00f1amiento terap\u00e9utico<\/strong> <strong>(<a rel=\"noreferrer noopener\" href=\"https:\/\/isfdyt2-bue.infd.edu.ar\/sitio\/wp-content\/uploads\/2021\/03\/disenio-acompaniante_compressed.pdf\" target=\"_blank\">RES. N\u00b0 1009\/09<\/a>)<\/strong><\/p>\n\n\n\n<p><strong>T\u00edtulo que otorga<\/strong>: T\u00c9CNICO SUPERIOR EN ACOMPA\u00d1AMIENTO TERAP\u00c9UTICO.<\/p>\n\n\n\n<p><strong>Modalidad<\/strong>: Presencial.<\/p>\n\n\n\n<p><strong>Duraci\u00f3n de la carrera<\/strong>: 3 A\u00f1os.<\/p>\n\n\n\n<p><strong>Perfil del Egresado<\/strong>: Es una carrera que forma profesionales de la salud  con s\u00f3lidos conocimientos te\u00f3rico-pr\u00e1cticos, que act\u00faan en el marco de un equipo interdisciplinario elaborando estrategias de tratamiento no farmacol\u00f3gico e interviniendo en la cotidianeidad de forma personalizada.<\/p>\n\n\n\n<p><a href=\"https:\/\/isfdyt2-bue.infd.edu.ar\/sitio\/tecnicatura-superior-en-acompanamiento-terapeutico\/\" data-type=\"page\" data-id=\"1307\">Horarios de cursada<\/a><\/p>\n","protected":false},"excerpt":{"rendered":"<p>Nombre de la carrera: Tecnicatura superior en acompa\u00f1amiento terap\u00e9utico (RES. N\u00b0 1009\/09) T\u00edtulo que otorga: T\u00c9CNICO SUPERIOR EN ACOMPA\u00d1AMIENTO TERAP\u00c9UTICO. Modalidad: Presencial. Duraci\u00f3n de la carrera: 3 A\u00f1os. Perfil del Egresado: Es una carrera que forma profesionales de la salud con s\u00f3lidos conocimientos te\u00f3rico-pr\u00e1cticos, que act\u00faan en el marco de un equipo interdisciplinario elaborando estrategias &#8230; <a title=\"Oferta Educativa 2023 &#8211; Tecnicatura superior en acompa\u00f1amiento terap\u00e9utico\" class=\"read-more\" href=\"https:\/\/isfdyt2-bue.infd.edu.ar\/sitio\/oferta-educativa-2023-tecnicatura-superior-en-acompanamiento-terapeutico\/\" aria-label=\"More on Oferta Educativa 2023 &#8211; Tecnicatura superior en acompa\u00f1amiento terap\u00e9utico\">[+]<\/a><\/p>\n","protected":false},"author":529,"featured_media":0,"parent":0,"menu_order":0,"comment_status":"closed","ping_status":"closed","template":"","meta":[],"acf":[],"_links":{"self":[{"href":"https:\/\/isfdyt2-bue.infd.edu.ar\/sitio\/wp-json\/wp\/v2\/pages\/3107"}],"collection":[{"href":"https:\/\/isfdyt2-bue.infd.edu.ar\/sitio\/wp-json\/wp\/v2\/pages"}],"about":[{"href":"https:\/\/isfdyt2-bue.infd.edu.ar\/sitio\/wp-json\/wp\/v2\/types\/page"}],"author":[{"embeddable":true,"href":"https:\/\/isfdyt2-bue.infd.edu.ar\/sitio\/wp-json\/wp\/v2\/users\/529"}],"replies":[{"embeddable":true,"href":"https:\/\/isfdyt2-bue.infd.edu.ar\/sitio\/wp-json\/wp\/v2\/comments?post=3107"}],"version-history":[{"count":19,"href":"https:\/\/isfdyt2-bue.infd.edu.ar\/sitio\/wp-json\/wp\/v2\/pages\/3107\/revisions"}],"predecessor-version":[{"id":3285,"href":"https:\/\/isfdyt2-bue.infd.edu.ar\/sitio\/wp-json\/wp\/v2\/pages\/3107\/revisions\/3285"}],"wp:attachment":[{"href":"https:\/\/isfdyt2-bue.infd.edu.ar\/sitio\/wp-json\/wp\/v2\/media?parent=3107"}],"curies":[{"name":"wp","href":"https:\/\/api.w.org\/{rel}","templated":true}]}}