{"id":286,"date":"2016-10-31T13:17:59","date_gmt":"2016-10-31T16:17:59","guid":{"rendered":"https:\/\/isfdyt2-bue.infd.edu.ar\/sitio\/?page_id=286"},"modified":"2025-12-02T21:02:01","modified_gmt":"2025-12-03T00:02:01","slug":"inicio","status":"publish","type":"page","link":"https:\/\/isfdyt2-bue.infd.edu.ar\/sitio\/","title":{"rendered":"Inicio"},"content":{"rendered":"\n<a href=\"https:\/\/isfdyt2-bue.infd.edu.ar\/sitio\/preinscripcion-a-carreras-2026\" class=\"bg-success bg-gradient fs-5 shadow-lg rounded-4 py-5 px-4 mb-4 d-flex\" role=\"alert\">\n    <div class=\"d-flex align-items-center\">\n        <i class=\"fas fa-exclamation-circle\" style=\"font-size: 2rem; color: #fff; margin-right: 15px;\"><\/i>\n        <h2 class=\"fs-4 text-center text-white fw-bold mb-0\">\n           Preinscripci\u00f3n a carreras\u00a02026\n        <\/h2>\n    <\/div>\n<\/a>\n\n\n\n<div class=\"bg-info fs-5 shadow-lg rounded-4 py-5 px-4\" role=\"alert\">\n    <div class=\"d-flex align-items-center\">\n        <i class=\"fas fa-exclamation-circle\" style=\"font-size: 2rem; color: #fff; margin-right: 15px;\"><\/i>\n        <h2 class=\"fs-4 text-center text-white fw-bold mb-0\">\n            Si estas interesado\/a en alguna de nuestras carreras, ingres\u00e1 <a href=\"https:\/\/forms.gle\/vDdGVUKWHschE8im8\" target=\"_blank\" rel=\"noopener\" style=\"color: #ffffff; text-decoration: none; font-weight: bold; border-bottom: 2px solid #fff; transition: all 0.3s ease;\"> ac\u00e1 <\/a>\n        <\/h2>\n    <\/div>\n<\/div>\n\n\n\n<BR><div class=\"alert alert-warning fs-5 shadow-lg rounded-4 p-4\" role=\"alert\" style=\"background: linear-gradient(135deg, #ffcc00, #ff9900); border: 2px solid #e6b800;\">\n    <!-- Icono de alerta (puedes usar Font Awesome para agregar un \u00edcono m\u00e1s llamativo) -->\n    <div class=\"d-flex align-items-center mb-3\">\n        <i class=\"fas fa-exclamation-circle\" style=\"font-size: 2rem; color: #fff; margin-right: 15px;\"><\/i>\n        <h2 class=\"fs-3 text-center\" style=\"font-weight: bold; color: #fff;\">\n            Nuevo R\u00e9gimen Acad\u00e9mico Marco Jurisdiccional 4196\/24\n        <\/h2>\n    <\/div>\n    <p style=\"color: #fff; font-size: 1.1rem;\">\n        Puedes acceder al mismo desde el siguiente \n        <strong>\n            <a href=\"https:\/\/isfdyt2-bue.infd.edu.ar\/sitio\/wp-content\/uploads\/2025\/03\/2024_Resolucion-4196_Regimen-Academico-Marco-Jurisdiccional_SUPERIOR-CF.pdf\" target=\"_blank\" rel=\"noopener\" style=\"color: #ffffff; text-decoration: none; font-weight: bold; border-bottom: 2px solid #fff; transition: all 0.3s ease;\">\n               enlace\n            <\/a>\n        <\/strong>\n    <\/p>\n<\/div><BR>\n<div style=\"display:none\" class=\"alert alert-info fs-5 shadow rounded-4\" role=\"alert\">\n    <h2 class=\"fs-3 mb-3\"><strong>Se encuentra abierta la inscripci\u00f3n a oferta educativa 2025<\/strong><\/h2> \n    <p>Para realizarla deber\u00e1s traer la ficha de inscripci\u00f3n impresa, que podr\u00e1s pedir en la <strong class=\"fst-italic\">fotocopiadora Grupo Copiar en calle Mitre 424<\/strong>. O descargarla <strong><a href=\"https:\/\/isfdyt2-bue.infd.edu.ar\/sitio\/wp-content\/uploads\/2023\/12\/Formacion-Docente-inicial-Tecnica-y-Artistica-Planilla-de-inscripcion-Educacion-Superior_0.pdf\" target=\"blank\" rel=\"noopener\">aqu\u00ed<\/strong><\/a>.<\/p>\n    <p class=\"fw-bold\">El horario de inscripci\u00f3n es de lunes a viernes de 9:00 a 11:00 y de 14:00 a 16:00 hs. (Ingresar por la puerta azul sobre calle Col\u00f3n) y de 18:30 a 21:00 hs. (por la puerta principal, Mitre esquina Col\u00f3n).<\/p>\n<\/div>\n\n\n\n<div class=\"alignnormal\" style=\"display: none;\"><div id=\"metaslider-id-2389\" style=\"width: 100%; margin: 0 auto;\" class=\"ml-slider-3-33-0 metaslider metaslider-nivo metaslider-2389 ml-slider ms-theme-default\" role=\"region\" aria-roledescription=\"Slideshow\" aria-label=\"Nueva presentaci\u00f3n de diapositivas\">\n    <div id=\"metaslider_container_2389\">\n        <div class='slider-wrapper theme-default'><div class='ribbon'><\/div><div id='metaslider_2389' class='nivoSlider'><a href=\"https:\/\/isfdyt2-bue.infd.edu.ar\/sitio\/oferta-educativa-2023-profesorado-de-educacion-especial\/\" target=\"_self\"><img src=\"https:\/\/isfdyt2-bue.infd.edu.ar\/sitio\/wp-content\/uploads\/2023\/11\/10-1100x250.png\" height=\"250\" width=\"1100\" title=\"10\" alt=\"\" class=\"slider-2389 slide-2390\" \/><\/a><a href=\"https:\/\/isfdyt2-bue.infd.edu.ar\/sitio\/oferta-educativa-2023-tecnicatura-superior-en-trabajo-social\/\" target=\"_self\"><img src=\"https:\/\/isfdyt2-bue.infd.edu.ar\/sitio\/wp-content\/uploads\/2023\/11\/16-1100x250.png\" height=\"250\" width=\"1100\" title=\"16\" alt=\"\" class=\"slider-2389 slide-2392\" \/><\/a><a href=\"https:\/\/isfdyt2-bue.infd.edu.ar\/sitio\/oferta-educativa-2023-tecnicatura-superior-en-acompanamiento-terapeutico\/\" target=\"_self\"><img src=\"https:\/\/isfdyt2-bue.infd.edu.ar\/sitio\/wp-content\/uploads\/2023\/11\/13-1100x250.png\" height=\"250\" width=\"1100\" title=\"13\" alt=\"\" class=\"slider-2389 slide-2393\" \/><\/a><a href=\"https:\/\/isfdyt2-bue.infd.edu.ar\/sitio\/oferta-educativa-2023-tecnicatura-en-administracion-publica\/\" target=\"_self\"><img src=\"https:\/\/isfdyt2-bue.infd.edu.ar\/sitio\/wp-content\/uploads\/2023\/11\/14-1100x250.png\" height=\"250\" width=\"1100\" title=\"14\" alt=\"\" class=\"slider-2389 slide-2395\" \/><\/a><a href=\"https:\/\/isfdyt2-bue.infd.edu.ar\/sitio\/oferta-educativa-2023-profesorado-de-la-educacion-secundaria-en-psicologia\/\" target=\"_self\"><img src=\"https:\/\/isfdyt2-bue.infd.edu.ar\/sitio\/wp-content\/uploads\/2023\/11\/15-1100x250.png\" height=\"250\" width=\"1100\" title=\"15\" alt=\"\" class=\"slider-2389 slide-2396\" \/><\/a><a href=\"https:\/\/isfdyt2-bue.infd.edu.ar\/sitio\/oferta-educativa-2023-profesorado-de-educacion-inicial\/\" target=\"_self\"><img src=\"https:\/\/isfdyt2-bue.infd.edu.ar\/sitio\/wp-content\/uploads\/2023\/11\/11-1100x250.png\" height=\"250\" width=\"1100\" title=\"11\" alt=\"\" class=\"slider-2389 slide-2397\" \/><\/a><a href=\"https:\/\/isfdyt2-bue.infd.edu.ar\/sitio\/oferta-educativa-2023-profesorado-de-la-educacion-secundaria-en-ciencias-politicas\/\" target=\"_self\"><img src=\"https:\/\/isfdyt2-bue.infd.edu.ar\/sitio\/wp-content\/uploads\/2023\/11\/Imagenes-slider-1100x250.png\" height=\"250\" width=\"1100\" title=\"Imagenes-slider\" alt=\"\" class=\"slider-2389 slide-2398\" \/><\/a><a href=\"https:\/\/isfdyt2-bue.infd.edu.ar\/sitio\/oferta-educativa-2023-tecnicatura-superior-en-analisis-de-sistemas\/\" target=\"_self\"><img src=\"https:\/\/isfdyt2-bue.infd.edu.ar\/sitio\/wp-content\/uploads\/2023\/11\/3-1-1100x250.png\" height=\"250\" width=\"1100\" title=\"3\" alt=\"\" class=\"slider-2389 slide-2399\" \/><\/a><a href=\"https:\/\/isfdyt2-bue.infd.edu.ar\/sitio\/oferta-educativa-2023-tecnicatura-en-administracion-pymes\/\" target=\"_self\"><img src=\"https:\/\/isfdyt2-bue.infd.edu.ar\/sitio\/wp-content\/uploads\/2023\/11\/12-1100x250.png\" height=\"250\" width=\"1100\" title=\"12\" alt=\"\" class=\"slider-2389 slide-3104\" \/><\/a><\/div><\/div>\n        \n    <\/div>\n<\/div><\/div>\n\n\n\n<h2 class=\"wp-block-heading has-text-align-center mb-4\">Profesorados<\/h2>\n\n\n\n<div class=\"wp-block-columns group-cards is-layout-flex wp-container-5\">\n<div class=\"wp-block-column is-layout-flow\">\n<a href=\"profesorado-de-educacion-incial\" class=\"card py-2 px-3\">\n  \n  <div class=\"card-body\">\n    <h5 class=\"card-title mb-3\">Educaci\u00f3n inicial<\/h5>\n<div>\n    <p class=\"card-text\">Duraci\u00f3n: 4 a\u00f1os<\/p>\n    <p class=\"card-text\">Cursada: Lunes a viernes<\/p>\n<p class=\"card-text\">Resoluci\u00f3n: 4154\/07<\/p>\n<\/div>\n  <\/div>\n<\/a>\n<\/div>\n\n\n\n<div class=\"wp-block-column is-layout-flow\">\n<a href=\"profesorado-de-educacion-especial-2\" class=\"card py-2 px-3\">\n  \n  <div class=\"card-body\">\n    <h5 class=\"card-title mb-3\">Educaci\u00f3n especial<\/h5>\n<div>\n    <p class=\"card-text\">Duraci\u00f3n: 4 a\u00f1os<\/p>\n    <p class=\"card-text\">Cursada: Lunes a viernes<\/p>\n<p class=\"card-text\">Resoluci\u00f3n: 1009\/09<\/p>\n<\/div>\n  <\/div>\n<\/a>\n<\/div>\n\n\n\n<div class=\"wp-block-column is-layout-flow\">\n<a href=\"profesorado-de-la-educacion-secundaria-en-psicologia\" class=\"card py-2 px-3\">\n  \n  <div class=\"card-body\">\n    <h5 class=\"card-title mb-3\">Psicolog\u00eda<\/h5>\n<div>\n    <p class=\"card-text\">Duraci\u00f3n: 4 a\u00f1os<\/p>\n    <p class=\"card-text\">Cursada: Martes a S\u00e1bados<\/p>\n<p class=\"card-text\">Resoluciones: 13271\/99 y 3154\/02<\/p>\n<\/div>\n  <\/div>\n<\/a>\n<\/div>\n\n\n\n<div class=\"wp-block-column is-layout-flow\">\n<a href=\"profesorado-de-la-educacion-secundaria-en-ciencias-politicas\" class=\"card py-2 px-3\">\n  \n  <div class=\"card-body\">\n    <h5 class=\"card-title mb-3\">Ciencias Pol\u00edticas<\/h5>\n    <p class=\"card-text\">Duraci\u00f3n: 4 a\u00f1os<\/p>\n    <p class=\"card-text\">Cursada: Martes a S\u00e1bados<\/p>\n<p class=\"card-text\">Resoluciones: 3604\/22, 13.271\/99, 13297\/99 y modificatorias<\/p>\n  <\/div>\n<\/a>\n<\/div>\n<\/div>\n\n\n\n<h2 class=\"wp-block-heading has-text-align-center mb-4\">Tecnicaturas<\/h2>\n\n\n\n<div class=\"wp-block-columns group-cards group-cards--tecnicaturas is-layout-flex wp-container-9\">\n<div class=\"wp-block-column is-layout-flow\">\n<a href=\"tecnicatura-en-administracion-pymes\" class=\"card py-2 px-3\">\n \n  <div class=\"card-body\">\n    <h5 class=\"card-title mb-3\">Administraci\u00f3n Pymes<\/h5>\n<div>\n    <p class=\"card-text\">Duraci\u00f3n: 3 a\u00f1os<\/p>\n    <p class=\"card-text\">Cursada: Lunes a viernes<\/p>\n<p class=\"card-text\">Resoluci\u00f3nes: 5835\/03 y 458\/23<\/p>\n<\/div>\n  <\/div>\n<\/a>\n<\/div>\n\n\n\n<div class=\"wp-block-column is-layout-flow\">\n<a href=\"tecnicatura-en-administracion-publica\" class=\"card py-2 px-3\">\n  \n  <div class=\"card-body\">\n    <h5 class=\"card-title mb-3\">Administraci\u00f3n P\u00fablica<\/h5>\n<div>\n    <p class=\"card-text\">Duraci\u00f3n: 3 a\u00f1os<\/p>\n    <p class=\"card-text\">Cursada: Lunes a viernes<\/p>\n<p class=\"card-text\">Resoluci\u00f3n: 0008\/09<\/p>\n<\/div>\n  <\/div>\n<\/a>\n<\/div>\n\n\n\n<div class=\"wp-block-column is-layout-flow\">\n<a href=\"tecnicatura-superior-en-acompanamiento-terapeutico\" class=\"card py-2 px-3\">\n  \n  <div class=\"card-body\">\n    <h5 class=\"card-title mb-3\">Acompa\u00f1amiento Terape\u00fatico<\/h5>\n<div>\n    <p class=\"card-text\">Duraci\u00f3n: 3 a\u00f1os<\/p>\n    <p class=\"card-text\">Cursada: Jueves a S\u00e1bados<\/p>\n<p class=\"card-text\">Resoluci\u00f3n: 1221\/15<\/p>\n<\/div>\n  <\/div>\n<\/a>\n<\/div>\n<\/div>\n\n\n\n<div class=\"wp-block-columns group-cards group-cards--tecnicaturas is-layout-flex wp-container-13\">\n<div class=\"wp-block-column is-layout-flow\">\n<a href=\"tecnicatura-superior-en-trabajo-social\" class=\"card py-2 px-3\">\n  \n  <div class=\"card-body\">\n    <h5 class=\"card-title mb-3\">Trabajo Social<\/h5>\n<div>\n    <p class=\"card-text\">Duraci\u00f3n: 4 a\u00f1os<\/p>\n    <p class=\"card-text\">Cursada: Martes a viernes<\/p>\n<p class=\"card-text\">Resoluci\u00f3n: 1666\/06<\/p>\n<\/div>\n  <\/div>\n<\/a>\n<\/div>\n\n\n\n<div class=\"wp-block-column is-layout-flow\">\n<a href=\"tecnicatura-superior-en-analisis-de-sistemas\" class=\"card py-2 px-3\">\n  \n  <div class=\"card-body\">\n    <h5 class=\"card-title mb-3\">An\u00e1lisis de Sistemas<\/h5>\n<div>\n    <p class=\"card-text\">Duraci\u00f3n: 3 a\u00f1os<\/p>\n    <p class=\"card-text\">Cursada: Martes a viernes<\/p>\n<p class=\"card-text\">Resoluci\u00f3n: 6790\/19<\/p>\n<\/div>\n  <\/div>\n<\/a>\n<\/div>\n\n\n\n<div class=\"wp-block-column is-layout-flow\">\n<a href=\"tecnicatura-superior-en-publicidad\" class=\"card py-2 px-3\">\n  \n  <div class=\"card-body\">\n    <h5 class=\"card-title mb-3\">Tecnicatura Superior en Publicidad<\/h5>\n<div>\n    <p class=\"card-text\">Duraci\u00f3n: 3 a\u00f1os<\/p>\n    <p class=\"card-text\">Cursada: Lunes, martes y s\u00e1bado<\/p>\n<p class=\"card-text\">Resoluci\u00f3n: 3805<\/p>\n<\/div>\n  <\/div>\n<\/a>\n<\/div>\n<\/div>\n\n\n\n<div style=\"height:2px\" aria-hidden=\"true\" class=\"wp-block-spacer\"><\/div>\n\n\n\n<div class=\"wp-block-columns is-layout-flex wp-container-16\">\n<div class=\"wp-block-column col-left novedades is-layout-flow\" style=\"flex-basis:60%\">\n<h3 class=\"wp-block-heading\" style=\"font-size:30px\">\u00daltimas novedades<\/h3>\n\n\n\n<style>.wp-show-posts-columns#wpsp-1884 {margin-left: -2em; }.wp-show-posts-columns#wpsp-1884 .wp-show-posts-inner {margin: 0 0 2em 2em; }<\/style><section id=\"wpsp-1884\" class=\" wp-show-posts-columns wp-show-posts\" style=\"\"><article class=\" wp-show-posts-single post-3878 post type-post status-publish format-standard has-post-thumbnail hentry category-sin-categoria wpsp-col-6\" itemtype=\"http:\/\/schema.org\/CreativeWork\" itemscope><div class=\"wp-show-posts-inner\" style=\"\">\t\t<div class=\"wp-show-posts-image  wpsp-image-center \">\n\t\t\t<a href=\"https:\/\/isfdyt2-bue.infd.edu.ar\/sitio\/concursos-docentes\/\"  title=\"Concursos docentes\">\t\t\t\t\t<img src=\"https:\/\/isfdyt2-bue.infd.edu.ar\/sitio\/wp-content\/uploads\/2021\/02\/logo-instituto-1-e1613772242650-60x60.png\" alt=\"Concursos docentes\" itemprop=\"image\" class=\"center\" \/>\n\t\t\t\t<\/a>\t\t<\/div>\n\t\t\t\t\t\t\t\t<header class=\"wp-show-posts-entry-header\">\n\t\t\t\t\t\t\t<h5 class=\"wp-show-posts-entry-title\" itemprop=\"headline\"><a href=\"https:\/\/isfdyt2-bue.infd.edu.ar\/sitio\/concursos-docentes\/\" rel=\"bookmark\">Concursos docentes<\/a><\/h5><div class=\"wp-show-posts-entry-meta wp-show-posts-entry-meta-below-title post-meta-inline\"><span class=\"wp-show-posts-posted-on wp-show-posts-meta\">\n\t\t\t\t\t<a href=\"https:\/\/isfdyt2-bue.infd.edu.ar\/sitio\/concursos-docentes\/\" title=\"9:01 pm\" rel=\"bookmark\"><time class=\"wp-show-posts-entry-date published\" datetime=\"2023-04-05T21:01:28-03:00\" itemprop=\"datePublished\">5 abril, 2023<\/time><time class=\"wp-show-posts-updated\" datetime=\"2026-03-16T13:30:01-03:00\" itemprop=\"dateModified\">16 marzo, 2026<\/time><\/a>\n\t\t\t\t<\/span><\/div>\t\t\t\t\t\t<\/header><!-- .entry-header -->\n\t\t\t\t\t<\/div><!-- wp-show-posts-inner --><\/article><article class=\" wp-show-posts-single post-3741 post type-post status-publish format-standard has-post-thumbnail hentry category-sin-categoria wpsp-col-6\" itemtype=\"http:\/\/schema.org\/CreativeWork\" itemscope><div class=\"wp-show-posts-inner\" style=\"\">\t\t<div class=\"wp-show-posts-image  wpsp-image-center \">\n\t\t\t<a href=\"https:\/\/isfdyt2-bue.infd.edu.ar\/sitio\/1era-convocatoria-2023-de-becas-progresar\/\"  title=\"1era Convocatoria 2023 de Becas Progresar\">\t\t\t\t\t<img src=\"https:\/\/isfdyt2-bue.infd.edu.ar\/sitio\/wp-content\/uploads\/2023\/03\/becas-progresar-60x60.jpg\" alt=\"1era Convocatoria 2023 de Becas Progresar\" itemprop=\"image\" class=\"center\" \/>\n\t\t\t\t<\/a>\t\t<\/div>\n\t\t\t\t\t\t\t\t<header class=\"wp-show-posts-entry-header\">\n\t\t\t\t\t\t\t<h5 class=\"wp-show-posts-entry-title\" itemprop=\"headline\"><a href=\"https:\/\/isfdyt2-bue.infd.edu.ar\/sitio\/1era-convocatoria-2023-de-becas-progresar\/\" rel=\"bookmark\">1era Convocatoria 2023 de Becas Progresar<\/a><\/h5><div class=\"wp-show-posts-entry-meta wp-show-posts-entry-meta-below-title post-meta-inline\"><span class=\"wp-show-posts-posted-on wp-show-posts-meta\">\n\t\t\t\t\t<a href=\"https:\/\/isfdyt2-bue.infd.edu.ar\/sitio\/1era-convocatoria-2023-de-becas-progresar\/\" title=\"9:18 pm\" rel=\"bookmark\"><time class=\"wp-show-posts-entry-date published\" datetime=\"2023-03-15T21:18:14-03:00\" itemprop=\"datePublished\">15 marzo, 2023<\/time><time class=\"wp-show-posts-updated\" datetime=\"2023-03-15T21:29:38-03:00\" itemprop=\"dateModified\">15 marzo, 2023<\/time><\/a>\n\t\t\t\t<\/span><\/div>\t\t\t\t\t\t<\/header><!-- .entry-header -->\n\t\t\t\t\t<\/div><!-- wp-show-posts-inner --><\/article><div class=\"wpsp-clear\"><\/div><\/section><!-- .wp-show-posts -->\n\n\n\n<p><\/p>\n<\/div>\n\n\n\n<div class=\"wp-block-column column-right is-layout-flow\" style=\"flex-basis:40%\">\n<iframe loading=\"lazy\" src=\"https:\/\/www.facebook.com\/plugins\/page.php?href=https%3A%2F%2Fwww.facebook.com%2FInstituto-2-Col%25C3%25B3n-498-Azul-1523510304540777&amp;tabs=timeline&amp;width=400&amp;height=380&amp;small_header=true&amp;adapt_container_width=true&amp;hide_cover=true&amp;show_facepile=true&amp;appId=505001502850572\" scrolling=\"no\" allowfullscreen=\"allowfullscreen\" width=\"400\" height=\"380\" frameborder=\"0\"><\/iframe>\n<\/div>\n<\/div>\n\n\n\n<p class=\"has-text-align-center red-infd\">Junto con varios cientos de Institutos, integramos la Red Virtual de Institutos Superiores de Formaci\u00f3n Docente coordinada por el INFD (Instituto Nacional de Formaci\u00f3n Docente) dependiente del Ministerio de Educaci\u00f3n de la Naci\u00f3n Argentina.<\/p>\n","protected":false},"excerpt":{"rendered":"<p>Preinscripci\u00f3n a carreras\u00a02026 Si estas interesado\/a en alguna de nuestras carreras, ingres\u00e1 ac\u00e1 Nuevo R\u00e9gimen Acad\u00e9mico Marco Jurisdiccional 4196\/24 Puedes acceder al mismo desde el siguiente enlace Se encuentra abierta la inscripci\u00f3n a oferta educativa 2025 Para realizarla deber\u00e1s traer la ficha de inscripci\u00f3n impresa, que podr\u00e1s pedir en la fotocopiadora Grupo Copiar en calle &#8230; <a title=\"1era Convocatoria 2023 de Becas Progresar\" class=\"read-more\" href=\"https:\/\/isfdyt2-bue.infd.edu.ar\/sitio\/1era-convocatoria-2023-de-becas-progresar\/\" aria-label=\"More on 1era Convocatoria 2023 de Becas Progresar\">[+]<\/a><\/p>\n","protected":false},"author":529,"featured_media":0,"parent":0,"menu_order":0,"comment_status":"closed","ping_status":"closed","template":"","meta":[],"acf":[],"_links":{"self":[{"href":"https:\/\/isfdyt2-bue.infd.edu.ar\/sitio\/wp-json\/wp\/v2\/pages\/286"}],"collection":[{"href":"https:\/\/isfdyt2-bue.infd.edu.ar\/sitio\/wp-json\/wp\/v2\/pages"}],"about":[{"href":"https:\/\/isfdyt2-bue.infd.edu.ar\/sitio\/wp-json\/wp\/v2\/types\/page"}],"author":[{"embeddable":true,"href":"https:\/\/isfdyt2-bue.infd.edu.ar\/sitio\/wp-json\/wp\/v2\/users\/529"}],"replies":[{"embeddable":true,"href":"https:\/\/isfdyt2-bue.infd.edu.ar\/sitio\/wp-json\/wp\/v2\/comments?post=286"}],"version-history":[{"count":364,"href":"https:\/\/isfdyt2-bue.infd.edu.ar\/sitio\/wp-json\/wp\/v2\/pages\/286\/revisions"}],"predecessor-version":[{"id":4439,"href":"https:\/\/isfdyt2-bue.infd.edu.ar\/sitio\/wp-json\/wp\/v2\/pages\/286\/revisions\/4439"}],"wp:attachment":[{"href":"https:\/\/isfdyt2-bue.infd.edu.ar\/sitio\/wp-json\/wp\/v2\/media?parent=286"}],"curies":[{"name":"wp","href":"https:\/\/api.w.org\/{rel}","templated":true}]}}