{"id":1647,"date":"2021-04-07T11:18:19","date_gmt":"2021-04-07T14:18:19","guid":{"rendered":"https:\/\/isfdyt2-bue.infd.edu.ar\/sitio\/?page_id=1647"},"modified":"2023-10-20T11:36:34","modified_gmt":"2023-10-20T14:36:34","slug":"equipo-de-gestion","status":"publish","type":"page","link":"https:\/\/isfdyt2-bue.infd.edu.ar\/sitio\/equipo-de-gestion\/","title":{"rendered":"Equipo de gesti\u00f3n"},"content":{"rendered":"<div class=\"cnt_gestion\">\n<h5>Directora:<\/h5>\n<p>Prof. Lic. Guadalupe Camozzi<\/p>\n<h5>Vice Directora:<\/h5>\n<p>Prof. Viviana Scempio<\/p>\n<h5>Regente de Estudios:<\/h5>\n<p>Lic. Lautaro Garavaglia<\/p>\n<h5>Secretaria:<\/h5>\n<p>Prof. Paula T\u00e1rtara<\/p>\n<h5>Jefe de \u00c1rea:<\/h5>\n<p>Prof. Milena Men\u00f3n<\/p>\n<p>Lic. Adriana Layana<\/p>\n<\/div>\n","protected":false},"excerpt":{"rendered":"<p>Directora: Prof. Lic. Guadalupe Camozzi Vice Directora: Prof. Viviana Scempio Regente de Estudios: Lic. Lautaro Garavaglia Secretaria: Prof. Paula T\u00e1rtara Jefe de \u00c1rea: Prof. Milena Men\u00f3n Lic. Adriana Layana<\/p>\n","protected":false},"author":529,"featured_media":0,"parent":0,"menu_order":0,"comment_status":"closed","ping_status":"closed","template":"","meta":[],"acf":[],"_links":{"self":[{"href":"https:\/\/isfdyt2-bue.infd.edu.ar\/sitio\/wp-json\/wp\/v2\/pages\/1647"}],"collection":[{"href":"https:\/\/isfdyt2-bue.infd.edu.ar\/sitio\/wp-json\/wp\/v2\/pages"}],"about":[{"href":"https:\/\/isfdyt2-bue.infd.edu.ar\/sitio\/wp-json\/wp\/v2\/types\/page"}],"author":[{"embeddable":true,"href":"https:\/\/isfdyt2-bue.infd.edu.ar\/sitio\/wp-json\/wp\/v2\/users\/529"}],"replies":[{"embeddable":true,"href":"https:\/\/isfdyt2-bue.infd.edu.ar\/sitio\/wp-json\/wp\/v2\/comments?post=1647"}],"version-history":[{"count":11,"href":"https:\/\/isfdyt2-bue.infd.edu.ar\/sitio\/wp-json\/wp\/v2\/pages\/1647\/revisions"}],"predecessor-version":[{"id":4035,"href":"https:\/\/isfdyt2-bue.infd.edu.ar\/sitio\/wp-json\/wp\/v2\/pages\/1647\/revisions\/4035"}],"wp:attachment":[{"href":"https:\/\/isfdyt2-bue.infd.edu.ar\/sitio\/wp-json\/wp\/v2\/media?parent=1647"}],"curies":[{"name":"wp","href":"https:\/\/api.w.org\/{rel}","templated":true}]}}