{"id":1314,"date":"2021-03-02T21:44:44","date_gmt":"2021-03-03T00:44:44","guid":{"rendered":"https:\/\/isfdyt2-bue.infd.edu.ar\/sitio\/?page_id=1314"},"modified":"2023-11-02T20:02:15","modified_gmt":"2023-11-02T23:02:15","slug":"tecnicatura-superior-en-analisis-de-sistemas","status":"publish","type":"page","link":"https:\/\/isfdyt2-bue.infd.edu.ar\/sitio\/tecnicatura-superior-en-analisis-de-sistemas\/","title":{"rendered":"Tecnicatura superior en An\u00e1lisis de Sistemas"},"content":{"rendered":"\n<p class=\"has-medium-font-size\"><a rel=\"noreferrer noopener\" href=\"http:\/\/www.isfdyt2azul.edu.ar\/horarios\/?carrera=TECAS\" target=\"_blank\"><strong>HORARIOS DE CURSADA<\/strong><\/a><\/p>\n\n\n\n<p><strong>Nombre de la carrera: Tecnicatura superior en An\u00e1lisis de Sistemas<\/strong> <strong>(<a rel=\"noreferrer noopener\" href=\"https:\/\/isfdyt2-bue.infd.edu.ar\/sitio\/wp-content\/uploads\/2021\/03\/disenio-analista-Res-6790-19-ASI.pdf\" target=\"_blank\">RES. N\u00b0 IF-2019-36021554-GDEBA-CPEYTDGCYE<\/a>)<\/strong><\/p>\n\n\n\n<p><strong>T\u00edtulo que otorga<\/strong>: T\u00c9CNICO SUPERIOR EN AN\u00c1LISIS DE SISTEMAS.<\/p>\n\n\n\n<p><strong>Modalidad<\/strong>: Presencial.<\/p>\n\n\n\n<p><strong>Duraci\u00f3n de la carrera<\/strong>: 3 A\u00f1os.<\/p>\n\n\n\n<p><strong>Perfil del Egresado<\/strong>:<\/p>\n\n\n\n<p><strong>Alcance del Perfil Profesional<\/strong><br>El Analista de Sistemas estar\u00e1 capacitado para planificar y gestionar un proyecto de desarrollo, as\u00ed como tambi\u00e9n para diagnosticar problemas y dise\u00f1ar soluciones inform\u00e1ticas de las organizaciones que as\u00ed lo requieran. Estas competencias ser\u00e1n4<br>desarrolladas seg\u00fan las incumbencias y las normas t\u00e9cnicas y legales que rigen su campo.<\/p>\n\n\n\n<p><strong>Funciones que ejerce el profesional<\/strong><br>Las funciones profesionales que aqu\u00ed se presentan, requieren -del t\u00e9cnico superior- el dominio de un saber hacer complejo en el que se movilizan conocimientos, valores, actitudes y habilidades de car\u00e1cter tecnol\u00f3gico, social, \u00e9tico y personal que definen su<br>identidad profesional.<\/p>\n\n\n\n<p><br>De este modo, son funciones del T\u00e9cnico Superior en An\u00e1lisis de Sistemas:<\/p>\n\n\n\n<ul>\n<li>Planificar, dirigir, realizar y\/o evaluar proyectos de sistemas de informaci\u00f3n.<\/li>\n\n\n\n<li>Identificar y diagnosticar problemas de una organizaci\u00f3n para dise\u00f1ar y proyectar posibles soluciones inform\u00e1ticas.<\/li>\n\n\n\n<li>Organizar, dirigir y controlar las \u00e1reas t\u00e9cnicas relacionadas con los sistemas de informaci\u00f3n.<\/li>\n\n\n\n<li>Actuar como interlocutores entre el \u00e1rea t\u00e9cnica y las dem\u00e1s \u00e1reas de la organizaci\u00f3n.<\/li>\n\n\n\n<li>Elaborar propuestas de capacitaci\u00f3n para la utilizaci\u00f3n de sistemas de informaci\u00f3n.<\/li>\n\n\n\n<li>Gestionar desde el dise\u00f1o y el desarrollo, hasta la operaci\u00f3n y el mantenimiento de proyectos asociados a los sistemas de informaci\u00f3n.<\/li>\n\n\n\n<li>Participar en el an\u00e1lisis, dise\u00f1o, construcci\u00f3n, integraci\u00f3n y evoluci\u00f3n de soluciones inform\u00e1ticas.<\/li>\n\n\n\n<li>Realizar tareas de auditor\u00eda, arbitraje, peritaje y tasaciones relacionados con los sistemas de informaci\u00f3n.<\/li>\n<\/ul>\n\n\n\n<h3 class=\"wp-block-heading\">Organizaci\u00f3n de las cursadas<\/h3>\n\n\n\n<p>En el nivel superior, para poder avanzar en las cursadas, resulta fundamental tener en cuenta el sistema de correlatividades de cada carrera. El r\u00e9gimen acad\u00e9mico establece que las trayectorias se realizan bajo el siguiente principio, <strong>CURSADA POR CURSADA, FINAL POR FINAL<\/strong>, teniendo en cuenta las correlatividades y las especificaciones particulares dadas por cada dise\u00f1o curricular.<\/p>\n\n\n\n<p><a href=\"https:\/\/isfdyt2-bue.infd.edu.ar\/sitio\/wp-content\/uploads\/2021\/03\/disenio-analista-Res-6790-19-ASI.pdf\" target=\"_blank\" rel=\"noreferrer noopener\">Descargar dise\u00f1o curricular<\/a><\/p>\n\n\n\n<h3 class=\"wp-block-heading\">Preceptora de la carrera<\/h3>\n\n\n\n<p><strong>Garc\u00eda, Silvia<\/strong><\/p>\n\n\n\n<p><strong>Contacto: <\/strong><a href=\"mailto:tecsupsistemas21@gmail.com\" target=\"_blank\" rel=\"noreferrer noopener\">tecsupsistemas21@gmail.com<\/a><\/p>\n\n\n\n<p><strong>Horario: <\/strong>Lunes a viernes de 13 a 17:30 hs.<\/p>\n\n\n\n<pre class=\"wp-block-code\"><code><\/code><\/pre>\n","protected":false},"excerpt":{"rendered":"<p>HORARIOS DE CURSADA Nombre de la carrera: Tecnicatura superior en An\u00e1lisis de Sistemas (RES. N\u00b0 IF-2019-36021554-GDEBA-CPEYTDGCYE) T\u00edtulo que otorga: T\u00c9CNICO SUPERIOR EN AN\u00c1LISIS DE SISTEMAS. Modalidad: Presencial. Duraci\u00f3n de la carrera: 3 A\u00f1os. Perfil del Egresado: Alcance del Perfil ProfesionalEl Analista de Sistemas estar\u00e1 capacitado para planificar y gestionar un proyecto de desarrollo, as\u00ed como &#8230; <a title=\"Tecnicatura superior en An\u00e1lisis de Sistemas\" class=\"read-more\" href=\"https:\/\/isfdyt2-bue.infd.edu.ar\/sitio\/tecnicatura-superior-en-analisis-de-sistemas\/\" aria-label=\"More on Tecnicatura superior en An\u00e1lisis de Sistemas\">[+]<\/a><\/p>\n","protected":false},"author":529,"featured_media":0,"parent":0,"menu_order":0,"comment_status":"closed","ping_status":"closed","template":"","meta":[],"acf":[],"_links":{"self":[{"href":"https:\/\/isfdyt2-bue.infd.edu.ar\/sitio\/wp-json\/wp\/v2\/pages\/1314"}],"collection":[{"href":"https:\/\/isfdyt2-bue.infd.edu.ar\/sitio\/wp-json\/wp\/v2\/pages"}],"about":[{"href":"https:\/\/isfdyt2-bue.infd.edu.ar\/sitio\/wp-json\/wp\/v2\/types\/page"}],"author":[{"embeddable":true,"href":"https:\/\/isfdyt2-bue.infd.edu.ar\/sitio\/wp-json\/wp\/v2\/users\/529"}],"replies":[{"embeddable":true,"href":"https:\/\/isfdyt2-bue.infd.edu.ar\/sitio\/wp-json\/wp\/v2\/comments?post=1314"}],"version-history":[{"count":67,"href":"https:\/\/isfdyt2-bue.infd.edu.ar\/sitio\/wp-json\/wp\/v2\/pages\/1314\/revisions"}],"predecessor-version":[{"id":4084,"href":"https:\/\/isfdyt2-bue.infd.edu.ar\/sitio\/wp-json\/wp\/v2\/pages\/1314\/revisions\/4084"}],"wp:attachment":[{"href":"https:\/\/isfdyt2-bue.infd.edu.ar\/sitio\/wp-json\/wp\/v2\/media?parent=1314"}],"curies":[{"name":"wp","href":"https:\/\/api.w.org\/{rel}","templated":true}]}}