{"id":1312,"date":"2021-03-02T22:05:27","date_gmt":"2021-03-03T01:05:27","guid":{"rendered":"https:\/\/isfdyt2-bue.infd.edu.ar\/sitio\/?page_id=1312"},"modified":"2023-08-22T16:25:34","modified_gmt":"2023-08-22T19:25:34","slug":"educacion-especial-sordos-e-hipoacusicos","status":"publish","type":"page","link":"https:\/\/isfdyt2-bue.infd.edu.ar\/sitio\/educacion-especial-sordos-e-hipoacusicos\/","title":{"rendered":"Educaci\u00f3n Especial &#8211; Sordos e hipoac\u00fasicos"},"content":{"rendered":"<div class=\"cnt-carreras\">\n    <h2>Horarios de cursada<\/h2>\n    <div class=\"cnt_table\">\n        <table class=\"table sordos\">\n            <thead>\n                <tr>\n                    <th colspan=\"4\">4\u00ba A\u00f1o<\/th>\n                <\/tr>\n                <tr>\n                    <th colspan=\"4\">Agosto\/Septiembre<\/th>\n                <\/tr>\n                <tr>\n                    <th>D\u00eda<\/th>\n                    <th>Materia<\/th>\n                    <th>Profesor<\/th>\n                    <th>Hora<\/th>\n                <\/tr>\n            <\/thead>\n            <tbody>\n                <tr>\n                    <th>Lunes 14\/08<\/th>\n                    <td>Mesas de Examen<\/td>\n                    <td><\/td>\n                    <td><\/td>\n                <\/tr>\n                <tr>\n                    <th>Martes 15\/08<\/th>\n                    <td><\/td>\n                    <td><\/td>\n                    <td><\/td>\n                <\/tr>\n                <tr>\n                    <th rowspan=\"2\">Mi\u00e9rcoles 16\/08 virtual<\/th>\n                    <td>Pr\u00e1ctica<\/td>\n                    <td>Ahmed, Leila<\/td>\n                    <td>18:00 a 19:30<\/td>\n                <\/tr>\n                <tr>\n                    <td>Did\u00e1ctica de la lengua oral<\/td>\n                    <td>Ahmed, Leila<\/td>\n                    <td>19.30 a 21.30<\/td>\n                <\/tr>\n                <tr>\n                    <th rowspan=\"2\">Jueves 17\/08<\/th>\n                    <td>Did\u00e1ctica de la Lengua Escrita<\/td>\n                    <td>Battafarano, Sof\u00eda<\/td>\n                    <td>17:30 a 19:30<\/td>\n                <\/tr>\n                <tr>\n                    <td>Psicoling\u00fc\u00edstica<\/td>\n                    <td>Battafarano, Sof\u00eda<\/td>\n                    <td>19:30 a 20:30<\/td>\n                <\/tr>\n                <tr>\n                    <th>Viernes 18\/08<\/th>\n                    <td>LSA<\/td>\n                    <td>Zaffora, Emilia<\/td>\n                    <td>18:00 a 21:00<\/td>\n                <\/tr>\n                <tr>\n                    <th>s\u00e1bado 19\/08 Feriado<\/th>\n                    <td>Feriado<\/td>\n                    <td>Feriado<\/td>\n                    <td>Feriado<\/td>\n                <\/tr>\n                <tr>\n                    <th>Lunes 21\/08<\/th>\n                    <td>Feriado<\/td>\n                    <td>Feriado<\/td>\n                    <td>Feriado<\/td>\n                <\/tr>\n                <tr>\n                    <th>Martes 22\/08<\/th>\n                    <td><\/td>\n                    <td><\/td>\n                    <td><\/td>\n                <\/tr>\n                <tr>\n                    <th>Mi\u00e9rcoles 23\/08 Virtual<\/th>\n                    <td><\/td>\n                    <td><\/td>\n                    <td><\/td>\n                <\/tr>\n                <tr>\n                    <th rowspan=\"2\">Jueves 24\/08 virtual<\/th>\n                    <td>Did\u00e1ctica de la Lengua Escrita<\/td>\n                    <td>Battafarano, Sof\u00eda<\/td>\n                    <td>17:30 a 19:30<\/td>\n                <\/tr>\n                    <tr><td>Psicoling\u00fc\u00edstica<\/td>\n                    <td>Battafarano, Sof\u00eda<\/td>\n                    <td>19:30 a 20:30<\/td>\n                <\/tr>\n                <tr>\n                    <th>Viernes 25\/08<\/th>\n                    <td><\/td>\n                    <td><\/td>\n                    <td><\/td>\n                <\/tr>\n                <tr>\n                    <th rowspan=\"2\">s\u00e1bado 26\/08 Presencial<\/th>\n                    <td>Pr\u00e1ctica<\/td>\n                    <td>Ahmed, Leila<\/td>\n                    <td>8:30 a 10:30<\/td>\n                <\/tr>\n                <tr>\n                    <td>Did\u00e1ctica de la lengua oral<\/td>\n                    <td>Ahmed, Leila<\/td>\n                    <td>10:30 a 12:30<\/td>\n                <\/tr>\n                <tr>\n                    <th>Lunes 28\/08 virtual<\/th>\n                    <td><\/td>\n                    <td><\/td>\n                    <td><\/td>\n                <\/tr>\n                <tr>\n                    <th>Martes 29\/08<\/th>\n                    <td><\/td>\n                    <td><\/td>\n                    <td><\/td>\n                <\/tr>\n                <tr>\n                    <th rowspan=\"2\">Mi\u00e9rcoles 30\/08 Virtual<\/th>\n                    <td>Pr\u00e1ctica<\/td>\n                    <td>Ahmed, Leila<\/td>\n                    <td>18:00 a 19:30<\/td>\n                <\/tr>\n                <tr>\n                    <td>Did\u00e1ctica de la lengua oral<\/td>\n                    <td>Ahmed, Leila<\/td>\n                    <td>19:30 a 21:30<\/td>\n                <\/tr>\n                <tr>\n                    <th rowspan=\"2\">Jueves 31\/08<\/th>\n                    <td>Did\u00e1ctica de la Lengua Escrita<\/td>\n                    <td>Battafarano, Sof\u00eda<\/td>\n                    <td>17:30 a 19:30<\/td>\n                <\/tr>\n                <tr>\n                    <td>Psicoling\u00fc\u00edstica<\/td>\n                    <td>Battafarano, Sof\u00eda<\/td>\n                    <td>19:30 a 20:30<\/td>\n                <\/tr>\n                <tr>\n                    <th>Viernes 1\/09<\/th>\n                    <td><\/td>\n                    <td><\/td>\n                    <td><\/td>\n                <\/tr>\n                <tr>\n                    <th>S\u00e1bado 2\/09 Presencial<\/th>\n                    <td>LSA<\/td>\n                    <td>Zaffora, Emilia<\/td>\n                    <td>8:30 a 11:30<\/td>\n                <\/tr>\n                <tr>\n                    <th>Lunes 4\/09 Virtual<\/th>\n                    <td>LSA<\/td>\n                    <td>Zaffora, Emilia<\/td>\n                    <td>18 a 21:00<\/td>\n                <\/tr>\n                <tr>\n                    <th>Martes 5\/09<\/th>\n                    <td><\/td>\n                    <td><\/td>\n                    <td><\/td>\n                <\/tr>\n                <tr>\n                    <th rowspan=\"2\">Mi\u00e9rcoles 6\/09<\/th>\n                    <td>Pr\u00e1ctica<\/td>\n                    <td>Ahmed, Leila<\/td>\n                    <td>18:00 a 19:30<\/td>\n                <\/tr>\n                <tr>\n                    <td>Did\u00e1ctica de la lengua oral<\/td>\n                    <td>Ahmed, Leila<\/td>\n                    <td>19:30 a 21:30<\/td>\n                <\/tr>\n                <tr>\n                    <th>Jueves 7\/09 Virtual<\/th>\n                    <td><\/td>\n                    <td><\/td>\n                    <td><\/td>\n                <\/tr>\n                <tr>\n                    <th>Viernes 8\/09 Virtual<\/th>\n                    <td><\/td>\n                    <td><\/td>\n                    <td><\/td>\n                <\/tr>\n                <tr>\n                    <th rowspan=\"2\">s\u00e1bado 9\/04 Presencial<\/th>\n                    <td>Did\u00e1ctica de la Lengua Escrita<\/td>\n                    <td>Battafarano, Sof\u00eda<\/td>\n                    <td>8:30 a 9:30<\/td>\n                <\/tr>\n                <tr>\n                    <td>Psicoling\u00fc\u00edstica<\/td>\n                    <td>Battafarano, Sof\u00eda<\/td>\n                    <td>10:30 a 12:30<\/td>\n                <\/tr>\n                <tr>\n                    <th>Lunes 11\/09 Virtual<\/th>\n                    <td>LSA<\/td>\n                    <td>Zaffora, Emilia<\/td>\n                    <td>18 a 21:00<\/td>\n                <\/tr>\n                <tr>\n                    <th>Martes 12\/09<\/th>\n                    <td><\/td>\n                    <td><\/td>\n                    <td><\/td>\n                <\/tr>\n                <tr>\n                    <th>Mi\u00e9rcoles 13\/09 Virtual<\/th>\n                    <td><\/td>\n                    <td><\/td>\n                    <td><\/td>\n                <\/tr>\n                <tr>\n                    <th rowspan=\"2\">Jueves 14\/09 Virtual<\/th>\n                    <td>Did\u00e1ctica de la Lengua Escrita<\/td>\n                    <td>Battafarano, Sof\u00eda<\/td>\n                    <td>17:30 a 19:30<\/td>\n                <\/tr>\n                <tr>\n                    <td>Psicoling\u00fc\u00edstica<\/td>\n                    <td>Battafarano, Sof\u00eda<\/td>\n                    <td>19:30 a 20:30<\/td>\n                <\/tr>\n                <tr>\n                    <th>Viernes 15\/09<\/th>\n                    <td><\/td>\n                    <td><\/td>\n                    <td><\/td>\n                <\/tr>\n                <tr>\n                    <th rowspan=\"2\">S\u00e1bado 16\/09 Presencial<\/th>\n                    <td>Pr\u00e1ctica<\/td>\n                    <td>Ahmed, Leila<\/td>\n                    <td>8:30 a 10:30<\/td>\n                <\/tr>\n                <tr>\n                    <td>Did\u00e1ctica de la lengua oral<\/td>\n                    <td>Ahmed, Leila<\/td>\n                    <td>10:30 a 12:30<\/td>\n                <\/tr>\n                <tr>\n                    <th>Lunes 18\/09<\/th>\n                    <td><\/td>\n                    <td><\/td>\n                    <td><\/td>\n                <\/tr>\n                <tr>\n                    <th>Martes 19\/09<\/th>\n                    <td><\/td>\n                    <td><\/td>\n                    <td><\/td>\n                <\/tr>\n                <tr>\n                    <th rowspan=\"2\">Mi\u00e9rcoles 20\/09 Virtual<\/th>\n                    <td>Pr\u00e1ctica<\/td>\n                    <td>Ahmed, Leila<\/td>\n                    <td>18:00 a 19:30<\/td>\n                <\/tr>\n                    <tr><td>Did\u00e1ctica de la lengua oral<\/td>\n                    <td>Ahmed, Leila<\/td>\n                    <td>19:30 a 21:30<\/td>\n                <\/tr>\n                <tr>\n                    <th rowspan=\"2\">Jueves 21\/09 Virtual<\/th>\n                    <td>Did\u00e1ctica de la Lengua Escrita<\/td>\n                    <td>Battafarano, Sof\u00eda<\/td>\n                    <td>17:30 a 19:30<\/td>\n                <\/tr>\n                <tr>\n                    <td>Psicoling\u00fc\u00edstica<\/td>\n                    <td>Battafarano, Sof\u00eda<\/td>\n                    <td>19:30 a 20:30<\/td>\n                <\/tr>\n                <tr>\n                    <th>Viernes 22\/09<\/th>\n                    <td><\/td>\n                    <td><\/td>\n                    <td><\/td>\n                <\/tr>\n                <tr>\n                    <th>S\u00e1bado 23\/09 Presencial<\/th>\n                    <td>LSA<\/td>\n                    <td>Zaffora, Emilia<\/td>\n                    <td>8:30 a 11:30<\/td>\n                <\/tr>\n                <tr>\n                    <th>Lunes 25\/09 Virtual<\/th>\n                    <td>LSA<\/td>\n                    <td>Zaffora, Emilia<\/td>\n                    <td>18:00 a 21:00<\/td>\n                <\/tr>\n                <tr>\n                    <th>Martes 26\/09 Virtual<\/th>\n                    <td><\/td>\n                    <td><\/td>\n                    <td><\/td>\n                <\/tr>\n                <tr>\n                    <th rowspan=\"2\">M\u00edercoles 27\/09 Virtual<\/th>\n                    <td>Pr\u00e1ctica<\/td>\n                    <td>Ahmed, Leila<\/td>\n                    <td>18:00 a 19:30<\/td>\n                <\/tr>\n                    <tr><td>Did\u00e1ctica de la lengua oral<\/td>\n                    <td>Ahmed, Leila<\/td>\n                    <td>19:30 a 21:30<\/td>\n                <\/tr>\n                <tr>\n                    <th>Jueves 28\/09 Virtual<\/th>\n                    <td>Pr\u00e1ctica<\/td>\n                    <td>Ahmed, Leila<\/td>\n                    <td>18:00 a 19:30<\/td>\n                <\/tr>\n                <tr>\n                    <th>Viernes 29\/09 <\/th>\n                    <td><\/td>\n                    <td><\/td>\n                    <td><\/td>\n                <\/tr>\n                <tr>\n                    <th rowspan=\"2\">S\u00e1bado 30\/09 Virtual<\/th>\n                    <td>Did\u00e1ctica de la Lengua Escrita<\/td>\n                    <td>Battafarano, Sof\u00eda<\/td>\n                    <td>8:30 a 10:30<\/td>\n                <\/tr>\n                <tr>\n                    <td>Psicoling\u00fc\u00edstica<\/td>\n                    <td>Battafarano, Sof\u00eda<\/td>\n                    <td>10:30 a 12:30<\/td>\n                <\/tr>\n            <\/tbody>\n        <\/table>\n    <\/div>\n<\/div>\n\n\n\n<p><a href=\"https:\/\/isfdyt2-bue.infd.edu.ar\/sitio\/wp-content\/uploads\/2023\/03\/sordos-4to-marzo-abril.pdf\" target=\"_blank\" rel=\"noreferrer noopener\">Descargar horarios de cursada de 4\u00b0 a\u00f1o<\/a><\/p>\n\n\n\n<h3 class=\"wp-block-heading\">Organizaci\u00f3n de las cursadas<\/h3>\n\n\n\n<p>En el nivel superior, para poder avanzar en las cursadas, resulta fundamental tener en cuenta el sistema de correlatividades de cada carrera. El r\u00e9gimen acad\u00e9mico establece que las trayectorias se realizan bajo el siguiente principio, <strong>CURSADA POR CURSADA, FINAL POR FINAL<\/strong>, teniendo en cuenta las correlatividades y las especificaciones particulares dadas por cada dise\u00f1o curricular.<\/p>\n\n\n\n<p>Descargar r\u00e9gimen acad\u00e9mico<\/p>\n\n\n\n<p><a href=\"https:\/\/isfdyt2-bue.infd.edu.ar\/sitio\/wp-content\/uploads\/2021\/03\/disenio-sordos.pdf\" target=\"_blank\" rel=\"noreferrer noopener\">Descargar dise\u00f1o curricular<\/a><\/p>\n\n\n\n<h3 class=\"wp-block-heading\">Preceptora de la carrera<\/h3>\n\n\n\n<p><strong>Garc\u00eda, Silvia<\/strong><\/p>\n\n\n\n<p><strong>Contacto:<\/strong> <a href=\"mailto:profeducespsordos@gmail.com\">profeducespsordos@gmail.com<\/a><\/p>\n\n\n\n<p><strong>Horario: <\/strong>Lunes a viernes de 13 a 17:30 hs.<\/p>\n","protected":false},"excerpt":{"rendered":"<p>Horarios de cursada 4\u00ba A\u00f1o Agosto\/Septiembre D\u00eda Materia Profesor Hora Lunes 14\/08 Mesas de Examen Martes 15\/08 Mi\u00e9rcoles 16\/08 virtual Pr\u00e1ctica Ahmed, Leila 18:00 a 19:30 Did\u00e1ctica de la lengua oral Ahmed, Leila 19.30 a 21.30 Jueves 17\/08 Did\u00e1ctica de la Lengua Escrita Battafarano, Sof\u00eda 17:30 a 19:30 Psicoling\u00fc\u00edstica Battafarano, Sof\u00eda 19:30 a 20:30 Viernes &#8230; <a title=\"Educaci\u00f3n Especial &#8211; Sordos e hipoac\u00fasicos\" class=\"read-more\" href=\"https:\/\/isfdyt2-bue.infd.edu.ar\/sitio\/educacion-especial-sordos-e-hipoacusicos\/\" aria-label=\"More on Educaci\u00f3n Especial &#8211; Sordos e hipoac\u00fasicos\">[+]<\/a><\/p>\n","protected":false},"author":529,"featured_media":0,"parent":0,"menu_order":0,"comment_status":"closed","ping_status":"closed","template":"","meta":[],"acf":[],"_links":{"self":[{"href":"https:\/\/isfdyt2-bue.infd.edu.ar\/sitio\/wp-json\/wp\/v2\/pages\/1312"}],"collection":[{"href":"https:\/\/isfdyt2-bue.infd.edu.ar\/sitio\/wp-json\/wp\/v2\/pages"}],"about":[{"href":"https:\/\/isfdyt2-bue.infd.edu.ar\/sitio\/wp-json\/wp\/v2\/types\/page"}],"author":[{"embeddable":true,"href":"https:\/\/isfdyt2-bue.infd.edu.ar\/sitio\/wp-json\/wp\/v2\/users\/529"}],"replies":[{"embeddable":true,"href":"https:\/\/isfdyt2-bue.infd.edu.ar\/sitio\/wp-json\/wp\/v2\/comments?post=1312"}],"version-history":[{"count":64,"href":"https:\/\/isfdyt2-bue.infd.edu.ar\/sitio\/wp-json\/wp\/v2\/pages\/1312\/revisions"}],"predecessor-version":[{"id":3960,"href":"https:\/\/isfdyt2-bue.infd.edu.ar\/sitio\/wp-json\/wp\/v2\/pages\/1312\/revisions\/3960"}],"wp:attachment":[{"href":"https:\/\/isfdyt2-bue.infd.edu.ar\/sitio\/wp-json\/wp\/v2\/media?parent=1312"}],"curies":[{"name":"wp","href":"https:\/\/api.w.org\/{rel}","templated":true}]}}