{"id":1307,"date":"2021-03-02T22:05:54","date_gmt":"2021-03-03T01:05:54","guid":{"rendered":"https:\/\/isfdyt2-bue.infd.edu.ar\/sitio\/?page_id=1307"},"modified":"2024-11-08T19:01:35","modified_gmt":"2024-11-08T22:01:35","slug":"tecnicatura-superior-en-acompanamiento-terapeutico","status":"publish","type":"page","link":"https:\/\/isfdyt2-bue.infd.edu.ar\/sitio\/tecnicatura-superior-en-acompanamiento-terapeutico\/","title":{"rendered":"Tecnicatura superior en Acompa\u00f1amiento Terap\u00e9utico"},"content":{"rendered":"\n<p class=\"has-medium-font-size\"><a href=\"http:\/\/isfdyt2azul.edu.ar\/horarios\/?carrera=TECAT\" data-type=\"attachment\" target=\"_blank\" rel=\"noreferrer noopener\"><strong>HORARIOS DE CURSADA<\/strong><\/a><\/p>\n\n\n\n<p><strong>Nombre de la carrera: Tecnicatura superior en acompa\u00f1amiento terap\u00e9utico<\/strong> <strong>(<a rel=\"noreferrer noopener\" href=\"https:\/\/isfdyt2-bue.infd.edu.ar\/sitio\/wp-content\/uploads\/2021\/03\/disenio-acompaniante_compressed.pdf\" target=\"_blank\">RES. N\u00b0 1009\/09<\/a>)<\/strong><\/p>\n\n\n\n<p><strong>T\u00edtulo que otorga<\/strong>: T\u00c9CNICO SUPERIOR EN ACOMPA\u00d1AMIENTO TERAP\u00c9UTICO.<\/p>\n\n\n\n<p><strong>Modalidad<\/strong>: Presencial.<\/p>\n\n\n\n<p><strong>Duraci\u00f3n de la carrera<\/strong>: 3 A\u00f1os.<\/p>\n\n\n\n<p><strong>Perfil del Egresado<\/strong>: Es una carrera que forma profesionales de la salud  con s\u00f3lidos conocimientos te\u00f3rico-pr\u00e1cticos, que act\u00faan en el marco de un equipo interdisciplinario elaborando estrategias de tratamiento no farmacol\u00f3gico e interviniendo en la cotidianeidad de forma personalizada.<\/p>\n\n\n\n<h3 class=\"wp-block-heading\">Organizaci\u00f3n de las cursadas<\/h3>\n\n\n\n<p>En el nivel superior, para poder avanzar en las cursadas, resulta fundamental tener en cuenta el sistema de correlatividades de cada carrera. El r\u00e9gimen acad\u00e9mico establece que las trayectorias se realizan bajo el siguiente principio, <strong>CURSADA POR CURSADA, FINAL POR FINAL<\/strong>, teniendo en cuenta las correlatividades y las especificaciones particulares dadas por cada dise\u00f1o curricular.<\/p>\n\n\n\n<p><a href=\"https:\/\/isfdyt2-bue.infd.edu.ar\/sitio\/wp-content\/uploads\/2021\/03\/disenio-acompaniante_compressed.pdf\" target=\"_blank\" rel=\"noreferrer noopener\">Descargar dise\u00f1o curricular<\/a><\/p>\n\n\n\n<h3 class=\"wp-block-heading\">Preceptora de la carrera<\/h3>\n\n\n\n<p><strong>Montes De Oca, Sabrina<\/strong><\/p>\n\n\n\n<p><strong>Contacto:<\/strong> <a href=\"mailto:mlaure3@abc.gob.ar\">pilarmdo45@gmail.com<\/a><\/p>\n\n\n\n<p><strong>Horario: <\/strong>Lunes a viernes de 18 a 22:30 hs.<\/p>\n","protected":false},"excerpt":{"rendered":"<p>HORARIOS DE CURSADA Nombre de la carrera: Tecnicatura superior en acompa\u00f1amiento terap\u00e9utico (RES. N\u00b0 1009\/09) T\u00edtulo que otorga: T\u00c9CNICO SUPERIOR EN ACOMPA\u00d1AMIENTO TERAP\u00c9UTICO. Modalidad: Presencial. Duraci\u00f3n de la carrera: 3 A\u00f1os. Perfil del Egresado: Es una carrera que forma profesionales de la salud con s\u00f3lidos conocimientos te\u00f3rico-pr\u00e1cticos, que act\u00faan en el marco de un equipo &#8230; <a title=\"Tecnicatura superior en Acompa\u00f1amiento Terap\u00e9utico\" class=\"read-more\" href=\"https:\/\/isfdyt2-bue.infd.edu.ar\/sitio\/tecnicatura-superior-en-acompanamiento-terapeutico\/\" aria-label=\"More on Tecnicatura superior en Acompa\u00f1amiento Terap\u00e9utico\">[+]<\/a><\/p>\n","protected":false},"author":529,"featured_media":0,"parent":0,"menu_order":0,"comment_status":"closed","ping_status":"closed","template":"","meta":[],"acf":[],"_links":{"self":[{"href":"https:\/\/isfdyt2-bue.infd.edu.ar\/sitio\/wp-json\/wp\/v2\/pages\/1307"}],"collection":[{"href":"https:\/\/isfdyt2-bue.infd.edu.ar\/sitio\/wp-json\/wp\/v2\/pages"}],"about":[{"href":"https:\/\/isfdyt2-bue.infd.edu.ar\/sitio\/wp-json\/wp\/v2\/types\/page"}],"author":[{"embeddable":true,"href":"https:\/\/isfdyt2-bue.infd.edu.ar\/sitio\/wp-json\/wp\/v2\/users\/529"}],"replies":[{"embeddable":true,"href":"https:\/\/isfdyt2-bue.infd.edu.ar\/sitio\/wp-json\/wp\/v2\/comments?post=1307"}],"version-history":[{"count":37,"href":"https:\/\/isfdyt2-bue.infd.edu.ar\/sitio\/wp-json\/wp\/v2\/pages\/1307\/revisions"}],"predecessor-version":[{"id":4286,"href":"https:\/\/isfdyt2-bue.infd.edu.ar\/sitio\/wp-json\/wp\/v2\/pages\/1307\/revisions\/4286"}],"wp:attachment":[{"href":"https:\/\/isfdyt2-bue.infd.edu.ar\/sitio\/wp-json\/wp\/v2\/media?parent=1307"}],"curies":[{"name":"wp","href":"https:\/\/api.w.org\/{rel}","templated":true}]}}