{"id":1298,"date":"2021-03-02T11:03:21","date_gmt":"2021-03-02T14:03:21","guid":{"rendered":"https:\/\/isfdyt2-bue.infd.edu.ar\/sitio\/?page_id=1298"},"modified":"2026-03-07T14:37:13","modified_gmt":"2026-03-07T17:37:13","slug":"profesorado-de-educacion-incial","status":"publish","type":"page","link":"https:\/\/isfdyt2-bue.infd.edu.ar\/sitio\/profesorado-de-educacion-incial\/","title":{"rendered":"Profesorado de Educaci\u00f3n Inicial"},"content":{"rendered":"\n<p class=\"has-medium-font-size\"><a href=\"http:\/\/isfdyt2azul.edu.ar\/horarios\/?carrera=PEI\"><strong>HORARIOS DE CURSADA<\/strong><\/a><\/p>\n\n\n\n<p><strong>Nombre de la carrera: Profesorado de Educaci\u00f3n Inicial<\/strong> <strong>(<a rel=\"noreferrer noopener\" href=\"https:\/\/isfdyt2-bue.infd.edu.ar\/sitio\/wp-content\/uploads\/2021\/03\/disenio-inicial.pdf\" target=\"_blank\">RES. N\u00b0 4154\/07<\/a>)<\/strong><\/p>\n\n\n\n<div class=\"wp-block-file\"><object class=\"wp-block-file__embed\" data=\"https:\/\/isfdyt2-bue.infd.edu.ar\/sitio\/wp-content\/uploads\/2025\/05\/CORRELATIVIDADES-PROF-INICIAL.pdf\" type=\"application\/pdf\" style=\"width:100%;height:600px\" aria-label=\"Incrustado de Esquema de Correlatividades de Profesorado de Educaci\u00f3n Inicial.\"><\/object><a id=\"wp-block-file--media-a6a6f398-1723-480c-b262-1b7fad2c8a52\" href=\"https:\/\/isfdyt2-bue.infd.edu.ar\/sitio\/wp-content\/uploads\/2025\/05\/CORRELATIVIDADES-PROF-INICIAL.pdf\">Esquema de Correlatividades de Profesorado de Educaci\u00f3n Inicial<\/a><a href=\"https:\/\/isfdyt2-bue.infd.edu.ar\/sitio\/wp-content\/uploads\/2025\/05\/CORRELATIVIDADES-PROF-INICIAL.pdf\" class=\"wp-block-file__button wp-element-button\" download aria-describedby=\"wp-block-file--media-a6a6f398-1723-480c-b262-1b7fad2c8a52\">Descarga<\/a><\/div>\n\n\n\n<p><strong>T\u00edtulo que otorga<\/strong>: PROFESOR\/A DE EDUCACI\u00d3N INICIAL.<\/p>\n\n\n\n<p><strong>Incumbencia del t\u00edtulo<\/strong>: Nivel Inicial.<\/p>\n\n\n\n<p><strong>Modalidad<\/strong>: Presencial.<\/p>\n\n\n\n<p><strong>Duraci\u00f3n de la carrera<\/strong>: 4 A\u00f1os.<\/p>\n\n\n\n<p><strong>Perfil del Egresado<\/strong>: Es una carrera conformada por docentes de amplia trayectoria en la formaci\u00f3n de trabajadores de la educaci\u00f3n abocados a la primera infancia. Garantiza al abordaje integral desde una perspectiva de derechos a quines acompa\u00f1ar\u00e1n a la poblaci\u00f3n mas peque\u00f1a de Azul y alrededores.<\/p>\n\n\n\n<h3 class=\"wp-block-heading\">Organizaci\u00f3n de las cursadas<\/h3>\n\n\n\n<p>En el nivel superior, para poder avanzar en las cursadas, resulta fundamental tener en cuenta el sistema de correlatividades de cada carrera. El r\u00e9gimen acad\u00e9mico establece que las trayectorias se realizan teniendo en cuenta las correlatividades y las especificaciones particulares dadas por cada dise\u00f1o curricular.<\/p>\n\n\n\n<p><a href=\"https:\/\/isfdyt2-bue.infd.edu.ar\/sitio\/wp-content\/uploads\/2021\/03\/disenio-inicial.pdf\" target=\"_blank\" rel=\"noreferrer noopener\">Descargar dise\u00f1o curricular<\/a><\/p>\n\n\n\n<h3 class=\"wp-block-heading\">Preceptora de la carrera<\/h3>\n\n\n\n<p>Maldonado, Florencia.<\/p>\n\n\n\n<p><strong>Contacto:<\/strong> florenciamaldonado94@abc.gob.ar<\/p>\n\n\n\n<p><strong>Horario: <\/strong> martes y jueves de 17:30 a 22:00 hs. &#8211; lunes, mi\u00e9rcoles y viernes de 13:00 a 17:30 hs.<\/p>\n","protected":false},"excerpt":{"rendered":"<p>HORARIOS DE CURSADA Nombre de la carrera: Profesorado de Educaci\u00f3n Inicial (RES. N\u00b0 4154\/07) T\u00edtulo que otorga: PROFESOR\/A DE EDUCACI\u00d3N INICIAL. Incumbencia del t\u00edtulo: Nivel Inicial. Modalidad: Presencial. Duraci\u00f3n de la carrera: 4 A\u00f1os. Perfil del Egresado: Es una carrera conformada por docentes de amplia trayectoria en la formaci\u00f3n de trabajadores de la educaci\u00f3n abocados &#8230; <a title=\"Profesorado de Educaci\u00f3n Inicial\" class=\"read-more\" href=\"https:\/\/isfdyt2-bue.infd.edu.ar\/sitio\/profesorado-de-educacion-incial\/\" aria-label=\"More on Profesorado de Educaci\u00f3n Inicial\">[+]<\/a><\/p>\n","protected":false},"author":529,"featured_media":0,"parent":0,"menu_order":0,"comment_status":"closed","ping_status":"closed","template":"","meta":[],"acf":[],"_links":{"self":[{"href":"https:\/\/isfdyt2-bue.infd.edu.ar\/sitio\/wp-json\/wp\/v2\/pages\/1298"}],"collection":[{"href":"https:\/\/isfdyt2-bue.infd.edu.ar\/sitio\/wp-json\/wp\/v2\/pages"}],"about":[{"href":"https:\/\/isfdyt2-bue.infd.edu.ar\/sitio\/wp-json\/wp\/v2\/types\/page"}],"author":[{"embeddable":true,"href":"https:\/\/isfdyt2-bue.infd.edu.ar\/sitio\/wp-json\/wp\/v2\/users\/529"}],"replies":[{"embeddable":true,"href":"https:\/\/isfdyt2-bue.infd.edu.ar\/sitio\/wp-json\/wp\/v2\/comments?post=1298"}],"version-history":[{"count":97,"href":"https:\/\/isfdyt2-bue.infd.edu.ar\/sitio\/wp-json\/wp\/v2\/pages\/1298\/revisions"}],"predecessor-version":[{"id":4457,"href":"https:\/\/isfdyt2-bue.infd.edu.ar\/sitio\/wp-json\/wp\/v2\/pages\/1298\/revisions\/4457"}],"wp:attachment":[{"href":"https:\/\/isfdyt2-bue.infd.edu.ar\/sitio\/wp-json\/wp\/v2\/media?parent=1298"}],"curies":[{"name":"wp","href":"https:\/\/api.w.org\/{rel}","templated":true}]}}