{"id":1284,"date":"2021-03-02T21:16:13","date_gmt":"2021-03-03T00:16:13","guid":{"rendered":"https:\/\/isfdyt2-bue.infd.edu.ar\/sitio\/?page_id=1284"},"modified":"2026-03-16T20:13:07","modified_gmt":"2026-03-16T23:13:07","slug":"profesorado-de-educacion-especial-2","status":"publish","type":"page","link":"https:\/\/isfdyt2-bue.infd.edu.ar\/sitio\/profesorado-de-educacion-especial-2\/","title":{"rendered":"Profesorado de Educaci\u00f3n Especial"},"content":{"rendered":"\n<p class=\"has-medium-font-size\"><a href=\"http:\/\/isfdyt2azul.edu.ar\/horarios\/?carrera=PEE\"><strong>HORARIOS DE CURSADA<\/strong><\/a><\/p>\n\n\n\n<p class=\"has-medium-font-size\"><strong>Nombre de la carrera: Profesorado de Educaci\u00f3n Especial<\/strong> <strong>(<\/strong><a rel=\"noreferrer noopener\" href=\"https:\/\/isfdyt2-bue.infd.edu.ar\/sitio\/wp-content\/uploads\/2021\/03\/disenio-especial.pdf\" target=\"_blank\">RES. N\u00b0 1009\/09<\/a><strong>)<\/strong><\/p>\n\n\n\n<div class=\"wp-block-file\"><object class=\"wp-block-file__embed\" data=\"https:\/\/isfdyt2-bue.infd.edu.ar\/sitio\/wp-content\/uploads\/2025\/05\/CORRELATIVIDADES-PROF-ESPECIAL.pdf\" type=\"application\/pdf\" style=\"width:100%;height:600px\" aria-label=\"Incrustado de Esquema de Correlatividades del Profesorado de Educaci\u00f3n Especial.\"><\/object><a id=\"wp-block-file--media-024c4fbf-9ac1-41fb-8c47-2fd381439604\" href=\"https:\/\/isfdyt2-bue.infd.edu.ar\/sitio\/wp-content\/uploads\/2025\/05\/CORRELATIVIDADES-PROF-ESPECIAL.pdf\">Esquema de Correlatividades del Profesorado de Educaci\u00f3n Especial<\/a><a href=\"https:\/\/isfdyt2-bue.infd.edu.ar\/sitio\/wp-content\/uploads\/2025\/05\/CORRELATIVIDADES-PROF-ESPECIAL.pdf\" class=\"wp-block-file__button wp-element-button\" download aria-describedby=\"wp-block-file--media-024c4fbf-9ac1-41fb-8c47-2fd381439604\">Descarga<\/a><\/div>\n\n\n\n<p><strong>T\u00edtulo que otorga<\/strong>: PROFESOR\/A DE EDUCACI\u00d3N ESPECIAL.<\/p>\n\n\n\n<p><strong>Incumbencia del t\u00edtulo<\/strong>: Nivel Inicial, Nivel Primario, Nivel Secundario y Nivel Superior de la modalidad educativa de Educaci\u00f3n Especial.<\/p>\n\n\n\n<p><strong>Modalidad<\/strong>: Presencial.<\/p>\n\n\n\n<p><strong>Duraci\u00f3n de la carrera<\/strong>: 4 A\u00f1os.<\/p>\n\n\n\n<p><strong>Perfil del Egresado<\/strong>: Es una carrera que aspira a formar educadores que garanticen la educaci\u00f3n a personas con discapacidad. Atendiendo la diversidad, fomenta la aceptaci\u00f3n y el respeto de las diferencias individuales como condici\u00f3n inherente de la naturaleza humana.<\/p>\n\n\n\n<h2 class=\"wp-block-heading\">Organizaci\u00f3n de las cursadas<\/h2>\n\n\n\n<p>En el nivel superior, para poder avanzar en las cursadas, resulta fundamental tener en cuenta el sistema de correlatividades de cada carrera. El r\u00e9gimen acad\u00e9mico establece que las trayectorias se realizan bajo el siguiente principio, <strong>CURSADA POR CURSADA, FINAL POR FINAL<\/strong>, teniendo en cuenta las correlatividades y las especificaciones particulares dadas por cada dise\u00f1o curricular.<\/p>\n\n\n\n<p><a rel=\"noreferrer noopener\" href=\"https:\/\/isfdyt2-bue.infd.edu.ar\/sitio\/wp-content\/uploads\/2021\/03\/disenio-especial.pdf\" target=\"_blank\">Descargar dise\u00f1o curricular<\/a><\/p>\n\n\n\n<h3 class=\"wp-block-heading\">Preceptor de la carrera<\/h3>\n\n\n\n<p>Alvarado, Guadalupe<\/p>\n\n\n\n<p><strong>Contacto:<\/strong> <a href=\"mailto:galvarado2@abc.gob.ar\">galvarado2@abc.gob.ar<\/a><\/p>\n\n\n\n<p><strong>Horario:<\/strong> Lunes y viernes de 17 a 21. Martes, mi\u00e9rcoles y jueves de 7.30 a 12.00.<\/p>\n","protected":false},"excerpt":{"rendered":"<p>HORARIOS DE CURSADA Nombre de la carrera: Profesorado de Educaci\u00f3n Especial (RES. N\u00b0 1009\/09) T\u00edtulo que otorga: PROFESOR\/A DE EDUCACI\u00d3N ESPECIAL. Incumbencia del t\u00edtulo: Nivel Inicial, Nivel Primario, Nivel Secundario y Nivel Superior de la modalidad educativa de Educaci\u00f3n Especial. Modalidad: Presencial. Duraci\u00f3n de la carrera: 4 A\u00f1os. Perfil del Egresado: Es una carrera que &#8230; <a title=\"Profesorado de Educaci\u00f3n Especial\" class=\"read-more\" href=\"https:\/\/isfdyt2-bue.infd.edu.ar\/sitio\/profesorado-de-educacion-especial-2\/\" aria-label=\"More on Profesorado de Educaci\u00f3n Especial\">[+]<\/a><\/p>\n","protected":false},"author":529,"featured_media":0,"parent":0,"menu_order":0,"comment_status":"closed","ping_status":"closed","template":"","meta":[],"acf":[],"_links":{"self":[{"href":"https:\/\/isfdyt2-bue.infd.edu.ar\/sitio\/wp-json\/wp\/v2\/pages\/1284"}],"collection":[{"href":"https:\/\/isfdyt2-bue.infd.edu.ar\/sitio\/wp-json\/wp\/v2\/pages"}],"about":[{"href":"https:\/\/isfdyt2-bue.infd.edu.ar\/sitio\/wp-json\/wp\/v2\/types\/page"}],"author":[{"embeddable":true,"href":"https:\/\/isfdyt2-bue.infd.edu.ar\/sitio\/wp-json\/wp\/v2\/users\/529"}],"replies":[{"embeddable":true,"href":"https:\/\/isfdyt2-bue.infd.edu.ar\/sitio\/wp-json\/wp\/v2\/comments?post=1284"}],"version-history":[{"count":73,"href":"https:\/\/isfdyt2-bue.infd.edu.ar\/sitio\/wp-json\/wp\/v2\/pages\/1284\/revisions"}],"predecessor-version":[{"id":4475,"href":"https:\/\/isfdyt2-bue.infd.edu.ar\/sitio\/wp-json\/wp\/v2\/pages\/1284\/revisions\/4475"}],"wp:attachment":[{"href":"https:\/\/isfdyt2-bue.infd.edu.ar\/sitio\/wp-json\/wp\/v2\/media?parent=1284"}],"curies":[{"name":"wp","href":"https:\/\/api.w.org\/{rel}","templated":true}]}}