{"id":1264,"date":"2021-03-02T22:03:12","date_gmt":"2021-03-03T01:03:12","guid":{"rendered":"https:\/\/isfdyt2-bue.infd.edu.ar\/sitio\/?page_id=1264"},"modified":"2026-03-07T14:24:06","modified_gmt":"2026-03-07T17:24:06","slug":"tecnicatura-en-administracion-pymes","status":"publish","type":"page","link":"https:\/\/isfdyt2-bue.infd.edu.ar\/sitio\/tecnicatura-en-administracion-pymes\/","title":{"rendered":"Tecnicatura Superior en administraci\u00f3n Pymes"},"content":{"rendered":"\n<p class=\"has-medium-font-size\"><\/p>\n\n\n\n<p class=\"has-medium-font-size\"><strong><a href=\"http:\/\/isfdyt2azul.edu.ar\/horarios\/?carrera=TSPYM\">HORARIOS DE CURSADA 1\u00b0, 2\u00b0 y 3\u00b0RES <strong><strong>458\/23<\/strong><\/strong><\/a><\/strong><\/p>\n\n\n\n<p><strong>Nombre de la carrera: Tecnicatura Superior en administraci\u00f3n Pymes<\/strong> <strong>( <a href=\"https:\/\/isfdyt2-bue.infd.edu.ar\/sitio\/wp-content\/uploads\/2024\/05\/disenio-TS-en-Administracion-de-Pymes.pdf\">RES. N\u00b0 458\/23<\/a>)<\/strong><\/p>\n\n\n\n<p><strong>T\u00edtulo que otorga<\/strong>: T\u00c9CNICO SUPERIOR EN ADMINISTRACI\u00d3N DE PYMES.<\/p>\n\n\n\n<p><strong>Modalidad<\/strong>: Presencial.<\/p>\n\n\n\n<p><strong>Duraci\u00f3n de la carrera<\/strong>: 3 A\u00f1os.<\/p>\n\n\n\n<p><strong>Perfil del Egresado<\/strong>: El T\u00e9cnico Superior en Administraci\u00f3n es un profesional que estar\u00e1 capacitado para desarrollar las competencias para: organizar, programar, ejecutar y controlar las operaciones comerciales, financieras y administrativas de la organizaci\u00f3n; elaborar, controlar y registrar el flujo de informaci\u00f3n; organizar y planificarlos recursos referidos para desarrollar sus actividades interactuando con el entorno y participando en la toma de decisiones relacionadas con sus actividades. Coordinando equipos de trabajo relacionado con su especialidad. Estas competencias ser\u00e1n desarrolladas seg\u00fan las incumbencias y las normas t\u00e9cnicas y legales que rigen su campo profesional.<\/p>\n\n\n\n<h2 class=\"wp-block-heading\">Organizaci\u00f3n de las cursadas<\/h2>\n\n\n\n<p>En el nivel superior, para poder avanzar en las cursadas, resulta fundamental tener en cuenta el sistema de correlatividades de cada carrera. El r\u00e9gimen acad\u00e9mico establece que las trayectorias se realizan teniendo en cuenta las correlatividades y las especificaciones particulares dadas por cada dise\u00f1o curricular.<\/p>\n\n\n\n<p><\/p>\n\n\n\n<p><a href=\"https:\/\/isfdyt2-bue.infd.edu.ar\/sitio\/wp-content\/uploads\/2024\/05\/disenio-TS-en-Administracion-de-Pymes.pdf\" target=\"_blank\" rel=\"noreferrer noopener\">Descargar dise\u00f1o curricular res 458\/23<\/a><\/p>\n\n\n\n<h3 class=\"wp-block-heading\">Preceptor de la carrera<\/h3>\n\n\n\n<p><strong>Alvarado, Marcos.<\/strong><\/p>\n\n\n\n<p><strong>Contacto:<\/strong> <a href=\"mailto:infopymes2024@gmail.com\">infopymes2024@gmail.com<\/a><\/p>\n\n\n\n<p><strong>Horario: <\/strong>Lunes a viernes de 18 a 22:00 hs.<\/p>\n","protected":false},"excerpt":{"rendered":"<p>HORARIOS DE CURSADA 1\u00b0, 2\u00b0 y 3\u00b0RES 458\/23 Nombre de la carrera: Tecnicatura Superior en administraci\u00f3n Pymes ( RES. N\u00b0 458\/23) T\u00edtulo que otorga: T\u00c9CNICO SUPERIOR EN ADMINISTRACI\u00d3N DE PYMES. Modalidad: Presencial. Duraci\u00f3n de la carrera: 3 A\u00f1os. Perfil del Egresado: El T\u00e9cnico Superior en Administraci\u00f3n es un profesional que estar\u00e1 capacitado para desarrollar las &#8230; <a title=\"Tecnicatura Superior en administraci\u00f3n Pymes\" class=\"read-more\" href=\"https:\/\/isfdyt2-bue.infd.edu.ar\/sitio\/tecnicatura-en-administracion-pymes\/\" aria-label=\"More on Tecnicatura Superior en administraci\u00f3n Pymes\">[+]<\/a><\/p>\n","protected":false},"author":529,"featured_media":0,"parent":0,"menu_order":0,"comment_status":"closed","ping_status":"closed","template":"","meta":[],"acf":[],"_links":{"self":[{"href":"https:\/\/isfdyt2-bue.infd.edu.ar\/sitio\/wp-json\/wp\/v2\/pages\/1264"}],"collection":[{"href":"https:\/\/isfdyt2-bue.infd.edu.ar\/sitio\/wp-json\/wp\/v2\/pages"}],"about":[{"href":"https:\/\/isfdyt2-bue.infd.edu.ar\/sitio\/wp-json\/wp\/v2\/types\/page"}],"author":[{"embeddable":true,"href":"https:\/\/isfdyt2-bue.infd.edu.ar\/sitio\/wp-json\/wp\/v2\/users\/529"}],"replies":[{"embeddable":true,"href":"https:\/\/isfdyt2-bue.infd.edu.ar\/sitio\/wp-json\/wp\/v2\/comments?post=1264"}],"version-history":[{"count":57,"href":"https:\/\/isfdyt2-bue.infd.edu.ar\/sitio\/wp-json\/wp\/v2\/pages\/1264\/revisions"}],"predecessor-version":[{"id":4451,"href":"https:\/\/isfdyt2-bue.infd.edu.ar\/sitio\/wp-json\/wp\/v2\/pages\/1264\/revisions\/4451"}],"wp:attachment":[{"href":"https:\/\/isfdyt2-bue.infd.edu.ar\/sitio\/wp-json\/wp\/v2\/media?parent=1264"}],"curies":[{"name":"wp","href":"https:\/\/api.w.org\/{rel}","templated":true}]}}