{"id":1260,"date":"2021-03-02T21:51:21","date_gmt":"2021-03-03T00:51:21","guid":{"rendered":"https:\/\/isfdyt2-bue.infd.edu.ar\/sitio\/?page_id=1260"},"modified":"2026-03-09T17:57:47","modified_gmt":"2026-03-09T20:57:47","slug":"profesorado-de-la-educacion-secundaria-en-ciencias-politicas","status":"publish","type":"page","link":"https:\/\/isfdyt2-bue.infd.edu.ar\/sitio\/profesorado-de-la-educacion-secundaria-en-ciencias-politicas\/","title":{"rendered":"Profesorado de la educaci\u00f3n secundaria en Ciencias Pol\u00edticas"},"content":{"rendered":"\n<p class=\"has-medium-font-size\"><a href=\"http:\/\/isfdyt2azul.edu.ar\/horarios\/?carrera=PCPOLN\">HORARIOS DE CURSADA 1\u00b0 a 4\u00b0 RESOC 2022-3604<\/a><\/p>\n\n\n\n<p class=\"has-medium-font-size\"><\/p>\n\n\n\n<p><strong>Nombre de la carrera: Profesorado de la educaci\u00f3n secundaria en Ciencias Pol\u00edticas<\/strong> <strong>(<\/strong><a href=\"https:\/\/abc.gob.ar\/secretarias\/sites\/default\/files\/2024-03\/C.%20Politica.pdf\">Resol. 3604\/22<\/a><strong>)<\/strong><\/p>\n\n\n\n<p><strong>T\u00edtulo que otorga<\/strong>: PROFESOR\/A SECUNDARIO EN CIENCIAS POL\u00cdTICAS.<\/p>\n\n\n\n<p><strong>Incumbencia del t\u00edtulo<\/strong>: Nivel Secundario y Nivel Superior.<\/p>\n\n\n\n<p><strong>Modalidad<\/strong>: Presencial.<\/p>\n\n\n\n<p><strong>Duraci\u00f3n de la carrera<\/strong>: 4 A\u00f1os.<\/p>\n\n\n\n<p><strong>Perfil del Egresado<\/strong>: Es una carrera con orientaci\u00f3n docente que tiene el objetivo de formar profesionales que se desempe\u00f1en en el \u00e1mbito de las ciencias pol\u00edticas, desde una perspectiva cr\u00edtica que invite a repensarlas aplicadas al contexto local, nacional, latinoamericano y mundial.<\/p>\n\n\n\n<h3 class=\"wp-block-heading\">Organizaci\u00f3n de las cursadas<\/h3>\n\n\n\n<p>En el nivel superior, para poder avanzar en las cursadas, resulta fundamental tener en cuenta el sistema de correlatividades de cada carrera. El r\u00e9gimen acad\u00e9mico establece que las trayectorias se realizan teniendo en cuenta las correlatividades y las especificaciones particulares dadas por cada dise\u00f1o curricular.<\/p>\n\n\n\n<p><a rel=\"noreferrer noopener\" href=\"https:\/\/abc.gob.ar\/secretarias\/sites\/default\/files\/2023-04\/Dise%C3%B1o%20Curricular%20del%20Profesorado%20de%20Educaci%C3%B3n%20Secundaria%20en%20Ciencia%20Pol%C3%ADtica_0.pdf\" target=\"_blank\">Descargar nuevo dise\u00f1o curricular 2023<\/a><\/p>\n\n\n\n<h3 class=\"wp-block-heading\">Preceptora de la carrera<\/h3>\n\n\n\n<p><strong>Montes De Oca, Sabrina<\/strong><\/p>\n\n\n\n<p><strong>Contacto:<\/strong> <a href=\"mailto:mlaure3@abc.gob.ar\">pilarmdo45@gmail.com<\/a><\/p>\n\n\n\n<p><strong>Horario: <\/strong>Lunes a viernes de 18 a 22:30 hs.<\/p>\n","protected":false},"excerpt":{"rendered":"<p>HORARIOS DE CURSADA 1\u00b0 a 4\u00b0 RESOC 2022-3604 Nombre de la carrera: Profesorado de la educaci\u00f3n secundaria en Ciencias Pol\u00edticas (Resol. 3604\/22) T\u00edtulo que otorga: PROFESOR\/A SECUNDARIO EN CIENCIAS POL\u00cdTICAS. Incumbencia del t\u00edtulo: Nivel Secundario y Nivel Superior. Modalidad: Presencial. Duraci\u00f3n de la carrera: 4 A\u00f1os. Perfil del Egresado: Es una carrera con orientaci\u00f3n docente &#8230; <a title=\"Profesorado de la educaci\u00f3n secundaria en Ciencias Pol\u00edticas\" class=\"read-more\" href=\"https:\/\/isfdyt2-bue.infd.edu.ar\/sitio\/profesorado-de-la-educacion-secundaria-en-ciencias-politicas\/\" aria-label=\"More on Profesorado de la educaci\u00f3n secundaria en Ciencias Pol\u00edticas\">[+]<\/a><\/p>\n","protected":false},"author":529,"featured_media":0,"parent":0,"menu_order":0,"comment_status":"closed","ping_status":"closed","template":"","meta":[],"acf":[],"_links":{"self":[{"href":"https:\/\/isfdyt2-bue.infd.edu.ar\/sitio\/wp-json\/wp\/v2\/pages\/1260"}],"collection":[{"href":"https:\/\/isfdyt2-bue.infd.edu.ar\/sitio\/wp-json\/wp\/v2\/pages"}],"about":[{"href":"https:\/\/isfdyt2-bue.infd.edu.ar\/sitio\/wp-json\/wp\/v2\/types\/page"}],"author":[{"embeddable":true,"href":"https:\/\/isfdyt2-bue.infd.edu.ar\/sitio\/wp-json\/wp\/v2\/users\/529"}],"replies":[{"embeddable":true,"href":"https:\/\/isfdyt2-bue.infd.edu.ar\/sitio\/wp-json\/wp\/v2\/comments?post=1260"}],"version-history":[{"count":79,"href":"https:\/\/isfdyt2-bue.infd.edu.ar\/sitio\/wp-json\/wp\/v2\/pages\/1260\/revisions"}],"predecessor-version":[{"id":4471,"href":"https:\/\/isfdyt2-bue.infd.edu.ar\/sitio\/wp-json\/wp\/v2\/pages\/1260\/revisions\/4471"}],"wp:attachment":[{"href":"https:\/\/isfdyt2-bue.infd.edu.ar\/sitio\/wp-json\/wp\/v2\/media?parent=1260"}],"curies":[{"name":"wp","href":"https:\/\/api.w.org\/{rel}","templated":true}]}}