{"id":1241,"date":"2021-03-02T10:50:33","date_gmt":"2021-03-02T13:50:33","guid":{"rendered":"https:\/\/isfdyt2-bue.infd.edu.ar\/sitio\/?page_id=1241"},"modified":"2026-03-16T20:16:25","modified_gmt":"2026-03-16T23:16:25","slug":"profesorado-de-la-educacion-secundaria-en-psicologia","status":"publish","type":"page","link":"https:\/\/isfdyt2-bue.infd.edu.ar\/sitio\/profesorado-de-la-educacion-secundaria-en-psicologia\/","title":{"rendered":"Profesorado de la educaci\u00f3n secundaria en Psicolog\u00eda"},"content":{"rendered":"\n<p class=\"has-medium-font-size\"><a href=\"http:\/\/isfdyt2azul.edu.ar\/horarios\/?carrera=PPSICO\"><strong>HORARIOS DE CURSADA<\/strong><\/a><\/p>\n\n\n\n<p><strong>Nombre de la carrera: Profesorado de la educaci\u00f3n secundaria en Psicolog\u00eda<\/strong> <strong>(<a rel=\"noreferrer noopener\" href=\"https:\/\/isfdyt2-bue.infd.edu.ar\/sitio\/wp-content\/uploads\/2021\/03\/disenio-psicologia.pdf\" target=\"_blank\">RES. N\u00b0 13271\/99 y 3154\/02<\/a>)<\/strong><\/p>\n\n\n\n<div class=\"wp-block-file\"><object class=\"wp-block-file__embed\" data=\"https:\/\/isfdyt2-bue.infd.edu.ar\/sitio\/wp-content\/uploads\/2025\/05\/correlatividades-psicologia-IF-2023-45619581-GDEBA-SDIFDIDGCYE_241107_201351.pdf\" type=\"application\/pdf\" style=\"width:100%;height:600px\" aria-label=\"Incrustado de Esquema de Correlatividades del Profesorado de Educaci\u00f3n Secundaria en Psicolog\u00eda.\"><\/object><a id=\"wp-block-file--media-a05cd378-10ea-463d-ae1c-a6de9cd2f6e3\" href=\"https:\/\/isfdyt2-bue.infd.edu.ar\/sitio\/wp-content\/uploads\/2025\/05\/correlatividades-psicologia-IF-2023-45619581-GDEBA-SDIFDIDGCYE_241107_201351.pdf\">Esquema de Correlatividades del Profesorado de Educaci\u00f3n Secundaria en Psicolog\u00eda<\/a><a href=\"https:\/\/isfdyt2-bue.infd.edu.ar\/sitio\/wp-content\/uploads\/2025\/05\/correlatividades-psicologia-IF-2023-45619581-GDEBA-SDIFDIDGCYE_241107_201351.pdf\" class=\"wp-block-file__button wp-element-button\" download aria-describedby=\"wp-block-file--media-a05cd378-10ea-463d-ae1c-a6de9cd2f6e3\">Descarga<\/a><\/div>\n\n\n\n<p><strong>T\u00edtulo que otorga<\/strong>: PROFESOR\/A DE EDUCACI\u00d3N SECUNDARIA EN PSICOLOG\u00cdA.<\/p>\n\n\n\n<p><strong>Incumbencia del t\u00edtulo<\/strong>: Nivel Secundario y Nivel Superior.<\/p>\n\n\n\n<p><strong>Modalidad<\/strong>: Presencial.<\/p>\n\n\n\n<p><strong>Duraci\u00f3n de la carrera<\/strong>: 4 A\u00f1os.<\/p>\n\n\n\n<p><strong>Perfil del Egresado<\/strong>: Es una carrera que permite a sus futuros graduados trabajar en \u00e1mbitos educativos, tanto desde las aulas como en los EOE, siendo este \u00faltimo un desaf\u00edo muy interesante. Ofrece un campo disciplinar y te\u00f3rico amplio para que sus graduados se inserten efectivamente en el mundo de la docencia.<\/p>\n\n\n\n<h2 class=\"wp-block-heading\">Organizaci\u00f3n de las cursadas<\/h2>\n\n\n\n<p>En el nivel superior, para poder avanzar en las cursadas, resulta fundamental tener en cuenta el sistema de correlatividades de cada carrera. El r\u00e9gimen acad\u00e9mico establece que las trayectorias se realizan teniendo en cuenta las correlatividades y las especificaciones particulares dadas por cada dise\u00f1o curricular.<\/p>\n\n\n\n<p><\/p>\n\n\n\n<p><a rel=\"noreferrer noopener\" href=\"https:\/\/isfdyt2-bue.infd.edu.ar\/sitio\/wp-content\/uploads\/2021\/03\/disenio-psicologia.pdf\" target=\"_blank\">Descargar dise\u00f1o curricular<\/a><\/p>\n\n\n\n<h2 class=\"wp-block-heading\">Preceptor de la carrera<\/h2>\n\n\n\n<p><strong>G\u00f3mez, Valeria<\/strong>.<\/p>\n\n\n\n<p><strong>Contacto: <\/strong><a href=\"mailto:valeria.isfd@gmail.com\">valeria.isfd@gmail.com<\/a><\/p>\n\n\n\n<p><strong>Horario: <\/strong>Lunes, martes, mi\u00e9rcoles y jueves 17:30 a 22 hs. &#8211; S\u00e1bados: de 8:30 a 13:00 hs.<\/p>\n","protected":false},"excerpt":{"rendered":"<p>HORARIOS DE CURSADA Nombre de la carrera: Profesorado de la educaci\u00f3n secundaria en Psicolog\u00eda (RES. N\u00b0 13271\/99 y 3154\/02) T\u00edtulo que otorga: PROFESOR\/A DE EDUCACI\u00d3N SECUNDARIA EN PSICOLOG\u00cdA. Incumbencia del t\u00edtulo: Nivel Secundario y Nivel Superior. Modalidad: Presencial. Duraci\u00f3n de la carrera: 4 A\u00f1os. Perfil del Egresado: Es una carrera que permite a sus futuros &#8230; <a title=\"Profesorado de la educaci\u00f3n secundaria en Psicolog\u00eda\" class=\"read-more\" href=\"https:\/\/isfdyt2-bue.infd.edu.ar\/sitio\/profesorado-de-la-educacion-secundaria-en-psicologia\/\" aria-label=\"More on Profesorado de la educaci\u00f3n secundaria en Psicolog\u00eda\">[+]<\/a><\/p>\n","protected":false},"author":529,"featured_media":0,"parent":0,"menu_order":0,"comment_status":"closed","ping_status":"closed","template":"","meta":[],"acf":[],"_links":{"self":[{"href":"https:\/\/isfdyt2-bue.infd.edu.ar\/sitio\/wp-json\/wp\/v2\/pages\/1241"}],"collection":[{"href":"https:\/\/isfdyt2-bue.infd.edu.ar\/sitio\/wp-json\/wp\/v2\/pages"}],"about":[{"href":"https:\/\/isfdyt2-bue.infd.edu.ar\/sitio\/wp-json\/wp\/v2\/types\/page"}],"author":[{"embeddable":true,"href":"https:\/\/isfdyt2-bue.infd.edu.ar\/sitio\/wp-json\/wp\/v2\/users\/529"}],"replies":[{"embeddable":true,"href":"https:\/\/isfdyt2-bue.infd.edu.ar\/sitio\/wp-json\/wp\/v2\/comments?post=1241"}],"version-history":[{"count":125,"href":"https:\/\/isfdyt2-bue.infd.edu.ar\/sitio\/wp-json\/wp\/v2\/pages\/1241\/revisions"}],"predecessor-version":[{"id":4478,"href":"https:\/\/isfdyt2-bue.infd.edu.ar\/sitio\/wp-json\/wp\/v2\/pages\/1241\/revisions\/4478"}],"wp:attachment":[{"href":"https:\/\/isfdyt2-bue.infd.edu.ar\/sitio\/wp-json\/wp\/v2\/media?parent=1241"}],"curies":[{"name":"wp","href":"https:\/\/api.w.org\/{rel}","templated":true}]}}